{"id":784,"date":"2020-01-23T23:38:35","date_gmt":"2020-01-23T21:38:35","guid":{"rendered":"http:\/\/comunicacio-xarxa.recursos.uoc.edu\/?page_id=784"},"modified":"2020-02-14T11:58:43","modified_gmt":"2020-02-14T09:58:43","slug":"6-2-origen-de-las-comunidades-virtuales","status":"publish","type":"page","link":"http:\/\/comunicacio-xarxa.recursos.uoc.edu\/es\/6-2-origen-de-las-comunidades-virtuales\/","title":{"rendered":"6.2. Origen de las comunidades virtuales"},"content":{"rendered":"<p>La <strong>comunidad<\/strong> en sentido amplio es un conjunto de personas que viven unidas por ciertas reglas y se definen por el hecho de compartir una serie de elementos comunes (cosmovisi\u00f3n, valores, lengua, etc.) que les otorga una identidad definida.<\/p>\n<p>Howard Rheingold introduce el concepto de <strong>comunidad virtual<\/strong>, que pone \u00e9nfasis en la discusi\u00f3n p\u00fablica por parte de un grupo de personas en el espacio cibern\u00e9tico. Las formas de relaci\u00f3n en este tipo de comunidades privilegian el compromiso mutuo y el sentimiento de pertenencia. Rheingold menciona como tecnolog\u00edas Usenet, MUD, MOO, Internet Relay Chat, salas de chat y listas de correo electr\u00f3nico. La obra <em>La comunidad virtual<\/em> es de 1993, momento en que mucha gente todav\u00eda no utilizaba Internet.<\/p>\n<p>Como los espacios p\u00fablicos informales han ido desapareciendo de nuestra vida, la gente tiene necesidad de este tipo de comunidades que aparecen en el ciberespacio, a trav\u00e9s de conexiones telem\u00e1ticas.<\/p>\n<p>Aunque en algunos entornos se pueden identificar las comunidades virtuales con las redes sociales, presentan diferencias. Como destaca Sandra Sanz:<\/p>\n<blockquote><p>\u00abLas comunidades virtuales son grupos reducidos que comparten intereses comunes y que tienen un elevado factor de cohesi\u00f3n y un fuerte compromiso mutuo. Las redes sociales virtuales son mucho m\u00e1s numerosas, con intereses m\u00e1s amplios y variados. Dentro de una red social puede haber varias comunidades\u00bb.<\/p><\/blockquote>\n<div class=\"blockquote-author\"><p>(Sanz, 2013)<\/p>\n<\/div>\n<p>Adem\u00e1s, en las redes sociales a menudo se encuentran muchas personas conectadas pero sin esta cohesi\u00f3n ni con objetivos comunes claros. Si los miembros de una red social experimentan un factor de cohesi\u00f3n superior, entonces nos encontraremos ante una comunidad (Miralbell y Sanz, 2011, m\u00f3dulo 2, p\u00e1g. 9).<\/p>\n<p>Entre las diferentes comunidades virtuales podemos destacar las <strong>comunidades de inter\u00e9s<\/strong> (con un tema concreto que siguen), <strong>de aprendizaje<\/strong> (construcci\u00f3n colaborativa del conocimiento) y <strong>de pr\u00e1ctica<\/strong> (comparten la experiencia profesional). En las comunidades virtuales es importante la figura del moderador.<\/p>\n<p>Las comunidades virtuales favorecen la interacci\u00f3n, centrada con frecuencia en un inter\u00e9s o foco concreto. Tambi\u00e9n est\u00e1n orientadas para que la gente comparta el conocimiento, con temas espec\u00edficos (cient\u00edfico-t\u00e9cnicos, art\u00edsticos, de ocio, etc.) o bien se pueden centrar en la b\u00fasqueda de un beneficio. Como se trata de comunidades abiertas, con lazos d\u00e9biles entre sus integrantes, la gente tiene que poder percibir en su pertenencia una utilidad, un valor que tiene que ir unido a la construcci\u00f3n del conocimiento en vista a un objetivo. En el caso de una comunidad de pr\u00e1ctica (orientada a los trabajadores), el intercambio de conocimiento tendr\u00eda que llevar a una mejora profesional, como consecuencia del trabajo colaborativo.<\/p>\n<p style=\"text-align: center;\">Portada de <em>La comunidad virtual<\/em>, de Howard Rheingold<\/p>\n<p><img loading=\"lazy\" class=\"size-medium wp-image-152 aligncenter\" src=\"\/wp-content\/uploads\/2020\/01\/20.005_054-205x300.jpg\" alt=\"\" width=\"205\" height=\"300\" data-wp-editing=\"1\" srcset=\"\/wp-content\/uploads\/2020\/01\/20.005_054-205x300.jpg 205w, \/wp-content\/uploads\/2020\/01\/20.005_054.jpg 437w\" sizes=\"(max-width: 205px) 100vw, 205px\" \/><\/p>\n<div class=\"featured featured-grey\"><p><strong>Enlace recomendado<\/strong><\/p>\n<p>Rese\u00f1a del libro <em>La comunidad virtual<\/em>, de Howard Rheingold, a cargo de Agn\u00e8s Vayreda. &lt;<a href=\"https:\/\/digithum.uoc.edu\/articles\/abstract\/10.7238\/d.v0i2.615\/\" target=\"_blank\" rel=\"noopener noreferrer\">https:\/\/digithum.uoc.edu\/articles\/abstract\/10.7238\/d.v0i2.615\/<\/a>&gt;.<\/p>\n<\/div>\n","protected":false},"excerpt":{"rendered":"<p>La comunidad en sentido amplio es un conjunto de personas que viven unidas por ciertas reglas y se definen por el hecho de compartir una serie de elementos comunes (cosmovisi\u00f3n, valores, lengua, etc.) que les otorga una identidad definida. Howard Rheingold introduce el concepto de comunidad virtual, que pone \u00e9nfasis en la discusi\u00f3n p\u00fablica por [&hellip;]<\/p>\n","protected":false},"author":2,"featured_media":0,"parent":0,"menu_order":0,"comment_status":"closed","ping_status":"closed","template":"","meta":[],"_links":{"self":[{"href":"http:\/\/comunicacio-xarxa.recursos.uoc.edu\/es\/wp-json\/wp\/v2\/pages\/784"}],"collection":[{"href":"http:\/\/comunicacio-xarxa.recursos.uoc.edu\/es\/wp-json\/wp\/v2\/pages"}],"about":[{"href":"http:\/\/comunicacio-xarxa.recursos.uoc.edu\/es\/wp-json\/wp\/v2\/types\/page"}],"author":[{"embeddable":true,"href":"http:\/\/comunicacio-xarxa.recursos.uoc.edu\/es\/wp-json\/wp\/v2\/users\/2"}],"replies":[{"embeddable":true,"href":"http:\/\/comunicacio-xarxa.recursos.uoc.edu\/es\/wp-json\/wp\/v2\/comments?post=784"}],"version-history":[{"count":11,"href":"http:\/\/comunicacio-xarxa.recursos.uoc.edu\/es\/wp-json\/wp\/v2\/pages\/784\/revisions"}],"predecessor-version":[{"id":1124,"href":"http:\/\/comunicacio-xarxa.recursos.uoc.edu\/es\/wp-json\/wp\/v2\/pages\/784\/revisions\/1124"}],"wp:attachment":[{"href":"http:\/\/comunicacio-xarxa.recursos.uoc.edu\/es\/wp-json\/wp\/v2\/media?parent=784"}],"curies":[{"name":"wp","href":"https:\/\/api.w.org\/{rel}","templated":true}]}}