{"id":779,"date":"2020-01-23T23:36:39","date_gmt":"2020-01-23T21:36:39","guid":{"rendered":"http:\/\/comunicacio-xarxa.recursos.uoc.edu\/?page_id=779"},"modified":"2020-01-24T20:18:20","modified_gmt":"2020-01-24T18:18:20","slug":"6-1-introduccion","status":"publish","type":"page","link":"http:\/\/comunicacio-xarxa.recursos.uoc.edu\/es\/6-1-introduccion\/","title":{"rendered":"6.1. Introducci\u00f3n"},"content":{"rendered":"<p>El concepto de <em>comunidad<\/em> es ya cl\u00e1sico en el \u00e1mbito de la sociolog\u00eda. Con la llegada de Internet, sin embargo, se hace necesario reformularlo para entender de qu\u00e9 manera se definen las relaciones sociales en el ciberespacio y las diversas formas de identidad. Aparecen las comunidades virtuales. En este contexto, podemos distinguir diferentes tipos, de los cuales analizaremos fundamentalmente dos: las comunidades de pr\u00e1ctica, para compartir la experiencia profesional, y las comunidades de aprendizaje, basadas en la construcci\u00f3n colaborativa del conocimiento.<\/p>\n","protected":false},"excerpt":{"rendered":"<p>El concepto de comunidad es ya cl\u00e1sico en el \u00e1mbito de la sociolog\u00eda. Con la llegada de Internet, sin embargo, se hace necesario reformularlo para entender de qu\u00e9 manera se definen las relaciones sociales en el ciberespacio y las diversas formas de identidad. Aparecen las comunidades virtuales. En este contexto, podemos distinguir diferentes tipos, de [&hellip;]<\/p>\n","protected":false},"author":2,"featured_media":0,"parent":0,"menu_order":0,"comment_status":"closed","ping_status":"closed","template":"","meta":[],"_links":{"self":[{"href":"http:\/\/comunicacio-xarxa.recursos.uoc.edu\/es\/wp-json\/wp\/v2\/pages\/779"}],"collection":[{"href":"http:\/\/comunicacio-xarxa.recursos.uoc.edu\/es\/wp-json\/wp\/v2\/pages"}],"about":[{"href":"http:\/\/comunicacio-xarxa.recursos.uoc.edu\/es\/wp-json\/wp\/v2\/types\/page"}],"author":[{"embeddable":true,"href":"http:\/\/comunicacio-xarxa.recursos.uoc.edu\/es\/wp-json\/wp\/v2\/users\/2"}],"replies":[{"embeddable":true,"href":"http:\/\/comunicacio-xarxa.recursos.uoc.edu\/es\/wp-json\/wp\/v2\/comments?post=779"}],"version-history":[{"count":5,"href":"http:\/\/comunicacio-xarxa.recursos.uoc.edu\/es\/wp-json\/wp\/v2\/pages\/779\/revisions"}],"predecessor-version":[{"id":974,"href":"http:\/\/comunicacio-xarxa.recursos.uoc.edu\/es\/wp-json\/wp\/v2\/pages\/779\/revisions\/974"}],"wp:attachment":[{"href":"http:\/\/comunicacio-xarxa.recursos.uoc.edu\/es\/wp-json\/wp\/v2\/media?parent=779"}],"curies":[{"name":"wp","href":"https:\/\/api.w.org\/{rel}","templated":true}]}}