{"id":771,"date":"2020-01-23T23:32:46","date_gmt":"2020-01-23T21:32:46","guid":{"rendered":"http:\/\/comunicacio-xarxa.recursos.uoc.edu\/?page_id=771"},"modified":"2020-01-24T03:10:47","modified_gmt":"2020-01-24T01:10:47","slug":"5-6-los-documentos-compartidos-en-linea","status":"publish","type":"page","link":"http:\/\/comunicacio-xarxa.recursos.uoc.edu\/es\/5-6-los-documentos-compartidos-en-linea\/","title":{"rendered":"5.6. Los documentos compartidos en l\u00ednea"},"content":{"rendered":"<p>Entre los servicios que forman parte de la computaci\u00f3n en la nube encontramos los documentos compartidos en l\u00ednea, de gran valor para el trabajo colaborativo, ya que ofrecen numerosas opciones (muchas de ellas presentes en los wikis) para editar en un mismo documento, con informaci\u00f3n muy detallada de las aportaciones de cada usuario y muchas posibilidades de compartir. Adem\u00e1s de Dropbox, sobre el cual hemos hablado en el punto anterior y que en este aspecto de edici\u00f3n colaborativa es bastante limitado, destacamos sobre todo Google Drive, que es un servicio de almacenamiento de archivos (en este sentido, tambi\u00e9n se puede instalar en nuestro equipo para tener los archivos a la vez en local y en el servidor) pero que posee una serie de aplicaciones asociadas (en el entorno corporativo forman parte de Google Apps) que aportan funciones destacadas para el trabajo en equipo. Principalmente son:<\/p>\n<ul>\n<li><strong>Documentos<\/strong> (Google Docs): procesador de textos desde el cual editamos los documentos y podemos ofrecer a otros usuarios la posibilidad de visualizarlos, editarlos o a\u00f1adir un comentario. Tambi\u00e9n podemos crear un enlace para compartir y otras opciones avanzadas. Aparte de las diferentes opciones de formato disponibles, hay complementos de terceros para enriquecer nuestra experiencia en l\u00ednea. En el trabajo colaborativo son muy importantes los comentarios y la ventaja es que no hace falta guardar diferentes versiones de un mismo documento: estas se van guardando autom\u00e1ticamente y se pueden recuperar con el historial de versiones, en el cual aparece la hora y el autor de cada actualizaci\u00f3n, siempre permiti\u00e9ndonos la restauraci\u00f3n de la versi\u00f3n deseada. Tambi\u00e9n disponemos del chat para hablar con los dem\u00e1s colaboradores del documento.<\/li>\n<li><strong>Hojas de c\u00e1lculo<\/strong> (Google Spreadsheets): gestor de hojas de c\u00e1lculo con semejantes opciones para el trabajo en equipo.<\/li>\n<li><strong>Diapositivas<\/strong> (Google Slides): con esta aplicaci\u00f3n creamos en colaboraci\u00f3n sencillas presentaciones multimedia que despu\u00e9s podemos ejecutar en l\u00ednea.<\/li>\n<li><strong>Formularios<\/strong> (Google Forms): la creaci\u00f3n de formularios se ha vuelto muy intuitiva con esta herramienta, que nos permite editar los formularios con un grupo de trabajo a partir de diferentes opciones de dise\u00f1o, enviarlo y obtener una representaci\u00f3n gr\u00e1fica de las respuestas de manera inmediata. Se pueden crear tambi\u00e9n ex\u00e1menes y dar puntuaci\u00f3n a las diferentes cuestiones.<\/li>\n<\/ul>\n<p style=\"text-align: center;\">Pregunta de formulario de Google con la opci\u00f3n para crear ex\u00e1menes<\/p>\n<p><img loading=\"lazy\" class=\"aligncenter wp-image-148 size-full\" src=\"\/wp-content\/uploads\/2020\/01\/20.005_052.jpg\" alt=\"\" width=\"640\" height=\"449\" srcset=\"\/wp-content\/uploads\/2020\/01\/20.005_052.jpg 640w, \/wp-content\/uploads\/2020\/01\/20.005_052-300x210.jpg 300w\" sizes=\"(max-width: 640px) 100vw, 640px\" \/><\/p>\n<p>Servicios similares a las aplicaciones de Google son las de Microsoft Office Online (con Word, Excel y PowerPoint, entre otros) y Zoho Docs, que incluso incluye la creaci\u00f3n de wikis. Desde el software libre, Open 365 re\u00fane en la nube las aplicaciones de Libre Office (Writer, Calc e Impress), incluyendo la versi\u00f3n en l\u00ednea del programa de retoque de im\u00e1genes Gimp.<\/p>\n<p style=\"text-align: center;\">Aplicaciones del Open 365<\/p>\n<p><img loading=\"lazy\" class=\"alignnone size-medium wp-image-150 aligncenter\" src=\"\/wp-content\/uploads\/2020\/01\/20.005_053-300x160.jpg\" alt=\"\" width=\"300\" height=\"160\" data-wp-editing=\"1\" srcset=\"\/wp-content\/uploads\/2020\/01\/20.005_053-300x160.jpg 300w, \/wp-content\/uploads\/2020\/01\/20.005_053.jpg 640w\" sizes=\"(max-width: 300px) 100vw, 300px\" \/><\/p>\n<p>A modo de s\u00edntesis, las posibilidades de colaboraci\u00f3n con las diferentes modalidades de documentos en l\u00ednea son enormes, por el hecho de que ofrecen a los usuarios un entorno de gran sencillez desde el cual se pueden avanzar los proyectos con fluidez y con la seguridad de disponer en todo momento de las ventajas de la computaci\u00f3n en la nube y de la asincron\u00eda: nuestro proyecto se ver\u00e1 enriquecido por las aportaciones de todos sin necesidad de coincidir en el tiempo. Unas herramientas que, junto con los wikis, son imprescindibles para generar buenas sinergias en el trabajo de equipo.<\/p>\n","protected":false},"excerpt":{"rendered":"<p>Entre los servicios que forman parte de la computaci\u00f3n en la nube encontramos los documentos compartidos en l\u00ednea, de gran valor para el trabajo colaborativo, ya que ofrecen numerosas opciones (muchas de ellas presentes en los wikis) para editar en un mismo documento, con informaci\u00f3n muy detallada de las aportaciones de cada usuario y muchas [&hellip;]<\/p>\n","protected":false},"author":2,"featured_media":0,"parent":0,"menu_order":0,"comment_status":"closed","ping_status":"closed","template":"","meta":[],"_links":{"self":[{"href":"http:\/\/comunicacio-xarxa.recursos.uoc.edu\/es\/wp-json\/wp\/v2\/pages\/771"}],"collection":[{"href":"http:\/\/comunicacio-xarxa.recursos.uoc.edu\/es\/wp-json\/wp\/v2\/pages"}],"about":[{"href":"http:\/\/comunicacio-xarxa.recursos.uoc.edu\/es\/wp-json\/wp\/v2\/types\/page"}],"author":[{"embeddable":true,"href":"http:\/\/comunicacio-xarxa.recursos.uoc.edu\/es\/wp-json\/wp\/v2\/users\/2"}],"replies":[{"embeddable":true,"href":"http:\/\/comunicacio-xarxa.recursos.uoc.edu\/es\/wp-json\/wp\/v2\/comments?post=771"}],"version-history":[{"count":5,"href":"http:\/\/comunicacio-xarxa.recursos.uoc.edu\/es\/wp-json\/wp\/v2\/pages\/771\/revisions"}],"predecessor-version":[{"id":778,"href":"http:\/\/comunicacio-xarxa.recursos.uoc.edu\/es\/wp-json\/wp\/v2\/pages\/771\/revisions\/778"}],"wp:attachment":[{"href":"http:\/\/comunicacio-xarxa.recursos.uoc.edu\/es\/wp-json\/wp\/v2\/media?parent=771"}],"curies":[{"name":"wp","href":"https:\/\/api.w.org\/{rel}","templated":true}]}}