{"id":749,"date":"2020-01-23T23:05:12","date_gmt":"2020-01-23T21:05:12","guid":{"rendered":"http:\/\/comunicacio-xarxa.recursos.uoc.edu\/?page_id=749"},"modified":"2020-02-14T11:56:00","modified_gmt":"2020-02-14T09:56:00","slug":"5-3-creacion-colaborativa-en-la-red-los-wikis","status":"publish","type":"page","link":"http:\/\/comunicacio-xarxa.recursos.uoc.edu\/es\/5-3-creacion-colaborativa-en-la-red-los-wikis\/","title":{"rendered":"5.3. Creaci\u00f3n colaborativa en la Red: los wikis"},"content":{"rendered":"<p>Un wiki (palabra que proviene del hawaiano <em>wikiwiki<\/em>, que significa \u00abr\u00e1pido\u00bb) es un sitio web colaborativo que puede ser editado por los usuarios de forma r\u00e1pida y sencilla. El wiki m\u00e1s conocido, sin duda, es la Wikipedia. Presenta las siguientes caracter\u00edsticas:<\/p>\n<ul>\n<li>Es un sitio web formado por <strong>p\u00e1ginas wiki editables<\/strong> libremente de forma colaborativa.<\/li>\n<li>Las p\u00e1ginas est\u00e1n conectadas por medio de <strong>hiperv\u00ednculos y a trav\u00e9s de un men\u00fa de navegaci\u00f3n<\/strong>.<\/li>\n<li>Utiliza un <strong>c\u00f3digo concreto de marcado<\/strong> que puede ser editado en formato texto y enriquecido.<\/li>\n<li>Presenta un <strong>historial de revisiones<\/strong> con todas las modificaciones realizadas en los contenidos.<\/li>\n<li>Se puede <strong>restaurar<\/strong> a una versi\u00f3n anterior.<\/li>\n<li>Se puede identificar a cada uno de los <strong>usuarios<\/strong> que realiza los cambios.<\/li>\n<li><strong>El intercambio de informaci\u00f3n es constante<\/strong> en el trabajo en equipo, saca provecho de la asincron\u00eda.<\/li>\n<\/ul>\n<p>A pesar de que el uso de los wikis por parte de los usuarios es inferior que los blogs, son muy interesantes pedag\u00f3gicamente, pues permiten la colaboraci\u00f3n en proyectos grupales y se puede realizar un seguimiento de las intervenciones. En este sentido, igual que los blogs, han sido incorporados a entornos virtuales educativos como Moodle y tambi\u00e9n han tenido presencia en las aulas de la UOC. En los \u00faltimos tiempos, sin embargo, se ha impuesto la mayor sencillez de los documentos de Google, que tambi\u00e9n pueden ser editados colaborativamente e integrarse en proyectos de equipo.<\/p>\n<p>Como ejemplos de sistemas de publicaci\u00f3n de wikis tenemos MediaWiki y XWiki.<\/p>\n<div class=\"featured featured-blue\"><p><strong>Los wikis y la Wikipedia<\/strong><\/p>\n<p>Antonio Fumero expone las diferencias entre el fen\u00f3meno wiki y la enciclopedia virtual m\u00e1s famosa, la Wikipedia:<\/p>\n<blockquote>\n<p>\u00abA los efectos de nuestro an\u00e1lisis insistiremos en la diferencia fundamental entre la herramienta, el wiki entendido como la plataforma tecnol\u00f3gica que nos permite publicar sitios web cuyo contenido puede ser editado por sus visitantes, y la Wikipedia como un proyecto muy espec\u00edfico con un alcance muy claramente establecido: la elaboraci\u00f3n conjunta de una enciclopedia libre. Los matices del propio proyecto y algunas de las cr\u00edticas que ha recibido ser\u00e1n objeto de otro apartado de nuestro an\u00e1lisis dedicado a la creaci\u00f3n colectiva. Si se quiere una definici\u00f3n m\u00e1s completa, podemos acudir a la que diera su creador en 2001: \u201cun wiki es una colecci\u00f3n extensible de p\u00e1ginas web entrelazadas, un sistema hipertextual para almacenar y modificar informaci\u00f3n, una base de datos donde cada p\u00e1gina puede ser f\u00e1cilmente modificada por cualquier usuario que disponga de un navegador web est\u00e1ndar que admita la utilizaci\u00f3n de formularios\u201d, donde introduce la funcionalidad, las caracter\u00edsticas b\u00e1sicas y la tecnolog\u00eda que hay detr\u00e1s de una plataforma wiki. Aunque tambi\u00e9n podemos ir a la propia Wikipedia y leer la definici\u00f3n consolidada que nos ofrece\u00bb.<\/p>\n<\/blockquote>\n<div class=\"blockquote-author\"><p>(Fumero y Roca, 2007, p\u00e1g. 38)<\/p>\n<\/div>\n<\/div>\n","protected":false},"excerpt":{"rendered":"<p>Un wiki (palabra que proviene del hawaiano wikiwiki, que significa \u00abr\u00e1pido\u00bb) es un sitio web colaborativo que puede ser editado por los usuarios de forma r\u00e1pida y sencilla. El wiki m\u00e1s conocido, sin duda, es la Wikipedia. Presenta las siguientes caracter\u00edsticas: Es un sitio web formado por p\u00e1ginas wiki editables libremente de forma colaborativa. Las [&hellip;]<\/p>\n","protected":false},"author":2,"featured_media":0,"parent":0,"menu_order":0,"comment_status":"closed","ping_status":"closed","template":"","meta":[],"_links":{"self":[{"href":"http:\/\/comunicacio-xarxa.recursos.uoc.edu\/es\/wp-json\/wp\/v2\/pages\/749"}],"collection":[{"href":"http:\/\/comunicacio-xarxa.recursos.uoc.edu\/es\/wp-json\/wp\/v2\/pages"}],"about":[{"href":"http:\/\/comunicacio-xarxa.recursos.uoc.edu\/es\/wp-json\/wp\/v2\/types\/page"}],"author":[{"embeddable":true,"href":"http:\/\/comunicacio-xarxa.recursos.uoc.edu\/es\/wp-json\/wp\/v2\/users\/2"}],"replies":[{"embeddable":true,"href":"http:\/\/comunicacio-xarxa.recursos.uoc.edu\/es\/wp-json\/wp\/v2\/comments?post=749"}],"version-history":[{"count":12,"href":"http:\/\/comunicacio-xarxa.recursos.uoc.edu\/es\/wp-json\/wp\/v2\/pages\/749\/revisions"}],"predecessor-version":[{"id":1121,"href":"http:\/\/comunicacio-xarxa.recursos.uoc.edu\/es\/wp-json\/wp\/v2\/pages\/749\/revisions\/1121"}],"wp:attachment":[{"href":"http:\/\/comunicacio-xarxa.recursos.uoc.edu\/es\/wp-json\/wp\/v2\/media?parent=749"}],"curies":[{"name":"wp","href":"https:\/\/api.w.org\/{rel}","templated":true}]}}