{"id":737,"date":"2020-01-23T22:59:29","date_gmt":"2020-01-23T20:59:29","guid":{"rendered":"http:\/\/comunicacio-xarxa.recursos.uoc.edu\/?page_id=737"},"modified":"2020-01-23T22:59:29","modified_gmt":"2020-01-23T20:59:29","slug":"5-1-introduccion","status":"publish","type":"page","link":"http:\/\/comunicacio-xarxa.recursos.uoc.edu\/es\/5-1-introduccion\/","title":{"rendered":"5.1. Introducci\u00f3n"},"content":{"rendered":"<p>Despu\u00e9s de analizar los medios sociales, en el punto anterior, como instrumentos privilegiados para la comunicaci\u00f3n, resulta muy relevante hacer referencia al trabajo colaborativo, ya que permite generar valor desde una cultura del compartir (<em>sharismo<\/em>), sumando esfuerzos a partir de las aportaciones individuales para lograr un objetivo com\u00fan. Podemos crear colaborativamente en red a trav\u00e9s de los wikis o de los documentos compartidos en l\u00ednea, sacando provecho de la computaci\u00f3n en la nube, o por medio del <em>crowdsourcing<\/em> (colaboraci\u00f3n abierta distribuida), que fomenta la participaci\u00f3n de la comunidad de usuarios en un producto o negocio.<\/p>\n","protected":false},"excerpt":{"rendered":"<p>Despu\u00e9s de analizar los medios sociales, en el punto anterior, como instrumentos privilegiados para la comunicaci\u00f3n, resulta muy relevante hacer referencia al trabajo colaborativo, ya que permite generar valor desde una cultura del compartir (sharismo), sumando esfuerzos a partir de las aportaciones individuales para lograr un objetivo com\u00fan. Podemos crear colaborativamente en red a trav\u00e9s [&hellip;]<\/p>\n","protected":false},"author":2,"featured_media":0,"parent":0,"menu_order":0,"comment_status":"closed","ping_status":"closed","template":"","meta":[],"_links":{"self":[{"href":"http:\/\/comunicacio-xarxa.recursos.uoc.edu\/es\/wp-json\/wp\/v2\/pages\/737"}],"collection":[{"href":"http:\/\/comunicacio-xarxa.recursos.uoc.edu\/es\/wp-json\/wp\/v2\/pages"}],"about":[{"href":"http:\/\/comunicacio-xarxa.recursos.uoc.edu\/es\/wp-json\/wp\/v2\/types\/page"}],"author":[{"embeddable":true,"href":"http:\/\/comunicacio-xarxa.recursos.uoc.edu\/es\/wp-json\/wp\/v2\/users\/2"}],"replies":[{"embeddable":true,"href":"http:\/\/comunicacio-xarxa.recursos.uoc.edu\/es\/wp-json\/wp\/v2\/comments?post=737"}],"version-history":[{"count":3,"href":"http:\/\/comunicacio-xarxa.recursos.uoc.edu\/es\/wp-json\/wp\/v2\/pages\/737\/revisions"}],"predecessor-version":[{"id":740,"href":"http:\/\/comunicacio-xarxa.recursos.uoc.edu\/es\/wp-json\/wp\/v2\/pages\/737\/revisions\/740"}],"wp:attachment":[{"href":"http:\/\/comunicacio-xarxa.recursos.uoc.edu\/es\/wp-json\/wp\/v2\/media?parent=737"}],"curies":[{"name":"wp","href":"https:\/\/api.w.org\/{rel}","templated":true}]}}