{"id":724,"date":"2020-01-23T22:46:57","date_gmt":"2020-01-23T20:46:57","guid":{"rendered":"http:\/\/comunicacio-xarxa.recursos.uoc.edu\/?page_id=724"},"modified":"2020-01-24T02:38:03","modified_gmt":"2020-01-24T00:38:03","slug":"4-6-4-pinterest","status":"publish","type":"page","link":"http:\/\/comunicacio-xarxa.recursos.uoc.edu\/es\/4-6-4-pinterest\/","title":{"rendered":"4.6.4. Pinterest"},"content":{"rendered":"<p>Es un sitio de redes sociales creado en 2010 por Paul Sciarra, Evan Sharp y Bien Silbermann. El objetivo es que los usuarios compartan <strong>im\u00e1genes en tableros personalizados y tem\u00e1ticos<\/strong>, incorporando colecciones de im\u00e1genes relacionadas con intereses, eventos, aficiones, etc. Pueden seguir a otros usuarios de manera parecida a Twitter o bien invitarlos a la plataforma. Inicialmente el registro se pod\u00eda hacer a trav\u00e9s de una invitaci\u00f3n, pero actualmente se puede hacer con una direcci\u00f3n de correo electr\u00f3nico o desde Facebook.<\/p>\n<p>Podemos distinguir una serie de elementos:<\/p>\n<ul>\n<li><strong>Pins<\/strong>: son las im\u00e1genes (o v\u00eddeos) que los usuarios pueden subir, editar, guardar y administrar. La acci\u00f3n de compartir una imagen se llama <em>pinear<\/em>. Cada pin puede incluir una descripci\u00f3n con la opci\u00f3n de incluir <em>hashtags<\/em>. Se pueden hacer comentarios e indicar que nos gustan.<\/li>\n<li><strong>Tableros<\/strong>: los pins se organizan en colecciones llamadas tableros (en ingl\u00e9s <em>pinboards<\/em>). Estos tableros son personalizados y pueden ser encontrados por otros usuarios. Se organizan por categor\u00edas, se puede editar una descripci\u00f3n y aparece la opci\u00f3n de compartirlos con otros usuarios para que puedan a\u00f1adir contenido. Son, por lo tanto, espacios potencialmente colaborativos. Si queremos, podemos crear tableros secretos que solo compartiremos con usuarios determinados y, por lo tanto, no ser\u00e1n visibles.<\/li>\n<li><strong>Perfil<\/strong>: aparecen los datos del usuario, los tableros y pins creados, los usuarios que nos siguen y a los que seguimos y las veces que nos ha gustado alg\u00fan contenido. Los tableros est\u00e1n ordenados con la imagen de portada y se pueden editar.<\/li>\n<li><strong>Bot\u00f3n<\/strong> <strong>+<\/strong>: situado en la parte inferior derecha (en la versi\u00f3n del navegador, tiene otras configuraciones en los dispositivos m\u00f3viles) permite subir un pin o a\u00f1adir alguno desde un sitio web. Desde nuestro perfil podemos tambi\u00e9n crear un tablero y revisar todas nuestras publicaciones, as\u00ed como los seguidores y los usuarios a los que seguimos.<\/li>\n<li><strong>Bot\u00f3n de inicio<\/strong>: nos muestra por defecto los pins de nuestros contactos.<\/li>\n<li>En cada uno de los pins aparecen diferentes opciones: guardarlo en alguno de nuestros tableros, el bot\u00f3n \u00abMe gusta\u00bb y el de enviar a nuestros contactos o compartir con Facebook, Twitter y generar un enlace. Si es nuestro tambi\u00e9n lo podemos editar.<\/li>\n<li>Cuando queremos crear un pin desde los dispositivos m\u00f3viles, nos ofrece las <strong>opciones de compartir<\/strong> imagen, ubicaci\u00f3n, enlace copiado y p\u00e1gina web.<\/li>\n<\/ul>\n<p style=\"text-align: center;\">Ejemplo de pin en Pinterest (iPad)<\/p>\n<p><img loading=\"lazy\" class=\"aligncenter wp-image-130 size-full\" src=\"\/wp-content\/uploads\/2020\/01\/20.005_043.jpg\" alt=\"\" width=\"640\" height=\"457\" srcset=\"\/wp-content\/uploads\/2020\/01\/20.005_043.jpg 640w, \/wp-content\/uploads\/2020\/01\/20.005_043-300x214.jpg 300w\" sizes=\"(max-width: 640px) 100vw, 640px\" \/><\/p>\n<p>Pinterest es interesante desde el punto de vista corporativo, ya que integra p\u00e1ginas de empresa, con condiciones de uso diferentes y que permiten presentar cat\u00e1logos de productos de forma visual y atractiva, y datos estad\u00edsticos. Es lo que han hecho algunas empresas de moda y perfumer\u00eda. Tambi\u00e9n existen los pins enriquecidos (<em>rich pins<\/em>), que son exclusivos de las p\u00e1ginas corporativas y que se actualizan en tiempo real, incluso con datos de precios y especificaciones.<\/p>\n<p>Del mismo modo que indic\u00e1bamos en el caso de Instagram, Pinterest es interesante para mostrar nuestra marca personal en la Red, as\u00ed como para comunicaciones corporativas, con la ventaja de propiciar el trabajo colaborativo.<\/p>\n","protected":false},"excerpt":{"rendered":"<p>Es un sitio de redes sociales creado en 2010 por Paul Sciarra, Evan Sharp y Bien Silbermann. El objetivo es que los usuarios compartan im\u00e1genes en tableros personalizados y tem\u00e1ticos, incorporando colecciones de im\u00e1genes relacionadas con intereses, eventos, aficiones, etc. Pueden seguir a otros usuarios de manera parecida a Twitter o bien invitarlos a la [&hellip;]<\/p>\n","protected":false},"author":2,"featured_media":0,"parent":0,"menu_order":0,"comment_status":"closed","ping_status":"closed","template":"","meta":[],"_links":{"self":[{"href":"http:\/\/comunicacio-xarxa.recursos.uoc.edu\/es\/wp-json\/wp\/v2\/pages\/724"}],"collection":[{"href":"http:\/\/comunicacio-xarxa.recursos.uoc.edu\/es\/wp-json\/wp\/v2\/pages"}],"about":[{"href":"http:\/\/comunicacio-xarxa.recursos.uoc.edu\/es\/wp-json\/wp\/v2\/types\/page"}],"author":[{"embeddable":true,"href":"http:\/\/comunicacio-xarxa.recursos.uoc.edu\/es\/wp-json\/wp\/v2\/users\/2"}],"replies":[{"embeddable":true,"href":"http:\/\/comunicacio-xarxa.recursos.uoc.edu\/es\/wp-json\/wp\/v2\/comments?post=724"}],"version-history":[{"count":6,"href":"http:\/\/comunicacio-xarxa.recursos.uoc.edu\/es\/wp-json\/wp\/v2\/pages\/724\/revisions"}],"predecessor-version":[{"id":873,"href":"http:\/\/comunicacio-xarxa.recursos.uoc.edu\/es\/wp-json\/wp\/v2\/pages\/724\/revisions\/873"}],"wp:attachment":[{"href":"http:\/\/comunicacio-xarxa.recursos.uoc.edu\/es\/wp-json\/wp\/v2\/media?parent=724"}],"curies":[{"name":"wp","href":"https:\/\/api.w.org\/{rel}","templated":true}]}}