{"id":723,"date":"2020-01-23T22:46:43","date_gmt":"2020-01-23T20:46:43","guid":{"rendered":"http:\/\/comunicacio-xarxa.recursos.uoc.edu\/?page_id=723"},"modified":"2020-01-24T02:35:43","modified_gmt":"2020-01-24T00:35:43","slug":"4-6-3-youtube","status":"publish","type":"page","link":"http:\/\/comunicacio-xarxa.recursos.uoc.edu\/es\/4-6-3-youtube\/","title":{"rendered":"4.6.3. YouTube"},"content":{"rendered":"<p>Es uno de los sitios web m\u00e1s visitados del mundo (se encuentra en el puesto tercero del <em>ranking<\/em> Alexa) y fue creado en 2005 por tres extrabajadores de PayPal. Google lo compr\u00f3 en octubre de 2006. En \u00e9l, <strong>se pueden subir y compartir v\u00eddeos<\/strong>, basados en la tecnolog\u00eda Adobe Flash y HTML5. Se muestran v\u00eddeos generados por los usuarios, de medios corporativos, clips de m\u00fasica, programas de televisi\u00f3n, <em>videoblogging<\/em>, etc. En s\u00ed no se trata de un sitio de redes sociales, pero presenta elementos que favorecen la compartici\u00f3n en estos medios y su inserci\u00f3n como microcontenidos. Cada usuario puede disponer de un canal que re\u00fane sus v\u00eddeos y tambi\u00e9n el historial de los que va compartiendo. Puede crear listas de reproducci\u00f3n e incrustarlas en p\u00e1ginas web o blogs. Esta versatilidad para la publicaci\u00f3n lo convierte en un medio muy empleado y compatible con todos los sistemas. Fij\u00e9monos en la captura siguiente:<\/p>\n<p style=\"text-align: center;\">Opciones de compartici\u00f3n de un v\u00eddeo de YouTube<\/p>\n<p><img loading=\"lazy\" class=\"aligncenter size-full wp-image-565\" src=\"\/wp-content\/uploads\/2020\/01\/20.105_042.jpg\" alt=\"\" width=\"640\" height=\"162\" srcset=\"\/wp-content\/uploads\/2020\/01\/20.105_042.jpg 640w, \/wp-content\/uploads\/2020\/01\/20.105_042-300x76.jpg 300w\" sizes=\"(max-width: 640px) 100vw, 640px\" \/><\/p>\n<p>Para cada v\u00eddeo tenemos un bot\u00f3n de \u00abMe gusta\u00bb (y de \u00abNo me gusta\u00bb), lo cual nos permite comprobar los contenidos que disfrutan de m\u00e1s aprobaci\u00f3n en la red, y diferentes opciones para compartirlo, con un listado de medios sociales. A la vez, si queremos insertarlo en un blog o sitio web, nos dar\u00e1 el correspondiente c\u00f3digo para pegarlo en nuestro apunte. Tambi\u00e9n nos crea un enlace m\u00e1s corto.<\/p>\n<p>Los v\u00eddeos pueden incorporar metadatos para facilitar la b\u00fasqueda y tambi\u00e9n subt\u00edtulos y anotaciones, adem\u00e1s de un servicio de estad\u00edsticas que favorecen el seguimiento del canal y la evaluaci\u00f3n de su implantaci\u00f3n.<\/p>\n<p>Como YouTube es la plataforma de v\u00eddeos m\u00e1s utilizada, tambi\u00e9n se puede convertir en un gran espacio publicitario por la visibilidad que puede aportar y a la vez por la viralidad que muchos consiguen.<\/p>\n<p>Otras plataformas de v\u00eddeo en competencia con YouTube son Vimeo, Dailymotion y Metacafe.<\/p>\n<p>YouTube nos puede ayudar en la presentaci\u00f3n de contenidos propios, pero sobre todo como complemento para nuestro blog o en los otros sitios de redes sociales, insertando el v\u00eddeo como objeto incrustado.<\/p>\n","protected":false},"excerpt":{"rendered":"<p>Es uno de los sitios web m\u00e1s visitados del mundo (se encuentra en el puesto tercero del ranking Alexa) y fue creado en 2005 por tres extrabajadores de PayPal. Google lo compr\u00f3 en octubre de 2006. En \u00e9l, se pueden subir y compartir v\u00eddeos, basados en la tecnolog\u00eda Adobe Flash y HTML5. Se muestran v\u00eddeos [&hellip;]<\/p>\n","protected":false},"author":2,"featured_media":0,"parent":0,"menu_order":0,"comment_status":"closed","ping_status":"closed","template":"","meta":[],"_links":{"self":[{"href":"http:\/\/comunicacio-xarxa.recursos.uoc.edu\/es\/wp-json\/wp\/v2\/pages\/723"}],"collection":[{"href":"http:\/\/comunicacio-xarxa.recursos.uoc.edu\/es\/wp-json\/wp\/v2\/pages"}],"about":[{"href":"http:\/\/comunicacio-xarxa.recursos.uoc.edu\/es\/wp-json\/wp\/v2\/types\/page"}],"author":[{"embeddable":true,"href":"http:\/\/comunicacio-xarxa.recursos.uoc.edu\/es\/wp-json\/wp\/v2\/users\/2"}],"replies":[{"embeddable":true,"href":"http:\/\/comunicacio-xarxa.recursos.uoc.edu\/es\/wp-json\/wp\/v2\/comments?post=723"}],"version-history":[{"count":6,"href":"http:\/\/comunicacio-xarxa.recursos.uoc.edu\/es\/wp-json\/wp\/v2\/pages\/723\/revisions"}],"predecessor-version":[{"id":872,"href":"http:\/\/comunicacio-xarxa.recursos.uoc.edu\/es\/wp-json\/wp\/v2\/pages\/723\/revisions\/872"}],"wp:attachment":[{"href":"http:\/\/comunicacio-xarxa.recursos.uoc.edu\/es\/wp-json\/wp\/v2\/media?parent=723"}],"curies":[{"name":"wp","href":"https:\/\/api.w.org\/{rel}","templated":true}]}}