{"id":708,"date":"2020-01-23T22:35:33","date_gmt":"2020-01-23T20:35:33","guid":{"rendered":"http:\/\/comunicacio-xarxa.recursos.uoc.edu\/?page_id=708"},"modified":"2020-01-24T21:03:14","modified_gmt":"2020-01-24T19:03:14","slug":"4-6-1-introduccion","status":"publish","type":"page","link":"http:\/\/comunicacio-xarxa.recursos.uoc.edu\/es\/4-6-1-introduccion\/","title":{"rendered":"4.6.1. Introducci\u00f3n"},"content":{"rendered":"<p>En los apartados anteriores hemos analizado los sitios de redes sociales horizontales y generalistas m\u00e1s destacados (Facebook y el servicio de <em>microblogging<\/em> Twitter) y la red social profesional LinkedIn. Podr\u00edamos haber mencionado muchos m\u00e1s, pero nos hemos centrado en los que poseen m\u00e1s usuarios y por su inter\u00e9s en el \u00e1mbito de la comunicaci\u00f3n. En la clasificaci\u00f3n de Escalona (2014, p\u00e1g. 115 y ss.), aparece la referencia a los servicios basados en contenidos, en los que el usuario puede generar contenidos escritos o multimedia para compartirlos con otros usuarios. Uno de los rasgos relevantes de algunos de estos servicios es que el contenido puede estar disponible para todos sin tener que disponer de un perfil y que el formato es lo que marca la diferencia. En este grupo podemos hacer referencia a YouTube, Vimeo (v\u00eddeos), Instagram, Pinterest y Flickr (fotograf\u00edas) y Slideshare o Slideboom (presentaciones multimedia). Analizamos los tres m\u00e1s destacados.<\/p>\n","protected":false},"excerpt":{"rendered":"<p>En los apartados anteriores hemos analizado los sitios de redes sociales horizontales y generalistas m\u00e1s destacados (Facebook y el servicio de microblogging Twitter) y la red social profesional LinkedIn. Podr\u00edamos haber mencionado muchos m\u00e1s, pero nos hemos centrado en los que poseen m\u00e1s usuarios y por su inter\u00e9s en el \u00e1mbito de la comunicaci\u00f3n. En [&hellip;]<\/p>\n","protected":false},"author":2,"featured_media":0,"parent":0,"menu_order":0,"comment_status":"closed","ping_status":"closed","template":"","meta":[],"_links":{"self":[{"href":"http:\/\/comunicacio-xarxa.recursos.uoc.edu\/es\/wp-json\/wp\/v2\/pages\/708"}],"collection":[{"href":"http:\/\/comunicacio-xarxa.recursos.uoc.edu\/es\/wp-json\/wp\/v2\/pages"}],"about":[{"href":"http:\/\/comunicacio-xarxa.recursos.uoc.edu\/es\/wp-json\/wp\/v2\/types\/page"}],"author":[{"embeddable":true,"href":"http:\/\/comunicacio-xarxa.recursos.uoc.edu\/es\/wp-json\/wp\/v2\/users\/2"}],"replies":[{"embeddable":true,"href":"http:\/\/comunicacio-xarxa.recursos.uoc.edu\/es\/wp-json\/wp\/v2\/comments?post=708"}],"version-history":[{"count":8,"href":"http:\/\/comunicacio-xarxa.recursos.uoc.edu\/es\/wp-json\/wp\/v2\/pages\/708\/revisions"}],"predecessor-version":[{"id":995,"href":"http:\/\/comunicacio-xarxa.recursos.uoc.edu\/es\/wp-json\/wp\/v2\/pages\/708\/revisions\/995"}],"wp:attachment":[{"href":"http:\/\/comunicacio-xarxa.recursos.uoc.edu\/es\/wp-json\/wp\/v2\/media?parent=708"}],"curies":[{"name":"wp","href":"https:\/\/api.w.org\/{rel}","templated":true}]}}