{"id":694,"date":"2020-01-23T22:08:50","date_gmt":"2020-01-23T20:08:50","guid":{"rendered":"http:\/\/comunicacio-xarxa.recursos.uoc.edu\/?page_id=694"},"modified":"2020-01-24T19:07:23","modified_gmt":"2020-01-24T17:07:23","slug":"4-4-3-twitter","status":"publish","type":"page","link":"http:\/\/comunicacio-xarxa.recursos.uoc.edu\/es\/4-4-3-twitter\/","title":{"rendered":"4.4.3. Twitter"},"content":{"rendered":"<p>Se trata de un servicio de <em>microblogging<\/em> basado en web, creado en 2006 por Jack Dorsey (con unos 332 millones de usuarios activos, fecha de enero de 2016), que permite al usuario enviar fragmentos de texto (hasta 280 caracteres), que se denominan tuits y que aparecen en la p\u00e1gina del perfil de cada usuario. Los v\u00ednculos sociales entre los miembros de Twitter consisten en el seguimiento, dado que hacen una distinci\u00f3n entre <em>following <\/em> y <em> followers <\/em>(los primeros son a los que seguimos y los segundos los que nos siguen), por lo cual los v\u00ednculos no son rec\u00edprocos: podemos seguir los mensajes de otros sin que estos lo hagan de los nuestros. Por defecto, los tuits son visibles p\u00fablicamente, a pesar de que existen los mensajes privados (llamados DM: <em>direct message<\/em>). Twitter se asemeja en cuanto a la estructura a los mensajes SMS entre m\u00f3viles, pero posee una capacidad de comunicaci\u00f3n multidireccional que aquellos no tienen. Tambi\u00e9n podemos diferenciar una serie de partes:<\/p>\n<ul>\n<li>L\u00ednea de tiempo o cronolog\u00eda: nos permite visualizar los tuits de los usuarios que nosotros seguimos.<\/li>\n<li>Menciones: las referencias que nuestros contactos hacen de nosotros, representando a nuestro usuario por medio de una arroba (@enricgil). Normalmente son las respuestas a nuestros mensajes.<\/li>\n<li>Retuits: parecido al reenv\u00edo de mensajes, permite dar a conocer a nuestros contactos alguna informaci\u00f3n que hemos recibido de otros (se representa con RT).<\/li>\n<li>B\u00fasquedas: se llevan a cabo a trav\u00e9s de un sistema de etiquetado por <em>hashtags<\/em> (por ejemplo, #redes16), que ordena los mensajes por temas de inter\u00e9s.<\/li>\n<li>Listas de usuarios: se pueden organizar grupos en funci\u00f3n de los temas, de tal manera que cuando clicamos para visualizar una lista, se puede ver la l\u00ednea de tiempo de los usuarios incluidos en el grupo. Las listas pueden ser p\u00fablicas o privadas.<\/li>\n<li>Mensajes directos (DM): sistema de mensajes privados entre usuarios.<\/li>\n<li>Opci\u00f3n de incluir enlaces en los tuits. El servicio los acorta autom\u00e1ticamente. Tambi\u00e9n podemos emplear sistemas para acortar las URL, con servicios como Bit.ly, Ves.cat o Goo.gl.<\/li>\n<li>Twitter ofrece los temas del momento (los <em>trending topics<\/em>) y una recomendaci\u00f3n de usuarios a los cuales podemos seguir.<\/li>\n<li>Inserci\u00f3n de fotos en los tuits: se pueden incorporar im\u00e1genes en los tuits de forma sencilla y en los dispositivos m\u00f3viles se pueden a\u00f1adir filtros. Los enlaces creados no se contabilizar\u00e1n en los 280 caracteres.<\/li>\n<li>Etiquetado de usuarios en las fotos: en las <em>apps<\/em> m\u00f3viles se pueden etiquetar hasta diez usuarios, que pueden decidir si quieren ser etiquetados o no.<\/li>\n<li>Ordenaci\u00f3n por relevancia: desde febrero de 2016 los tuits ya no se ordenan por defecto cronol\u00f3gicamente, sino por relevancia, aunque se puede recuperar la versi\u00f3n cl\u00e1sica.<\/li>\n<\/ul>\n<p>En el a\u00f1o 2012 Twitter compr\u00f3 Vine, una aplicaci\u00f3n similar a Instagram pero para v\u00eddeos. Permite generar escenas muy breves (seis segundos como m\u00e1ximo) en forma de bucle y que pueden ser compartidas tanto en Twitter como Facebook. En 2015 hizo lo mismo con Periscope, aplicaci\u00f3n de v\u00eddeo por <em>streaming<\/em> que ha logrado un gran \u00e9xito y que facilita enormemente la transmisi\u00f3n de v\u00eddeo en directo, favoreciendo la interacci\u00f3n con la publicaci\u00f3n de mensajes y de reacciones.<\/p>\n<p style=\"text-align: center;\">Logos de Vine y Periscope, propiedad de Twitter<\/p>\n<p style=\"text-align: center;\"><img loading=\"lazy\" class=\"wp-image-110\" src=\"\/wp-content\/uploads\/2020\/01\/20.005_033-300x300.jpg\" alt=\"\" width=\"150\" height=\"150\" srcset=\"\/wp-content\/uploads\/2020\/01\/20.005_033-300x300.jpg 300w, \/wp-content\/uploads\/2020\/01\/20.005_033-150x150.jpg 150w, \/wp-content\/uploads\/2020\/01\/20.005_033.jpg 640w\" sizes=\"(max-width: 150px) 100vw, 150px\" \/> <img loading=\"lazy\" class=\"wp-image-112\" src=\"\/wp-content\/uploads\/2020\/01\/20.005_034-300x300.jpg\" alt=\"\" width=\"150\" height=\"150\" srcset=\"\/wp-content\/uploads\/2020\/01\/20.005_034-300x300.jpg 300w, \/wp-content\/uploads\/2020\/01\/20.005_034-150x150.jpg 150w, \/wp-content\/uploads\/2020\/01\/20.005_034.jpg 640w\" sizes=\"(max-width: 150px) 100vw, 150px\" \/><\/p>\n<p style=\"text-align: left;\">A lo largo de la historia de Twitter, tambi\u00e9n se han desarrollado aplicaciones de terceros para dispositivos m\u00f3viles, como es el caso de TweetDeck o Hootsuite (esta \u00faltima es compatible con otros servicios de redes sociales, como Facebook o LinkedIn, e incluye la funcionalidad de programar los tuits en una hora concreta).<\/p>\n<p>Lo que se puede destacar en Twitter es la inmediatez y la conversaci\u00f3n continua en funci\u00f3n de temas de inter\u00e9s, es por eso que se trata de una herramienta muy fecunda para comunicar, con una estrategia propia que se puede estructurar en una serie de puntos:<\/p>\n<ul>\n<li><strong>Fragmentarismo<\/strong>: es la esencia de Twitter, los tuits no pueden exceder de 280 caracteres y esto implica una gran capacidad de s\u00edntesis.<\/li>\n<li><strong>Conversaci\u00f3n continua<\/strong>: la brevedad favorece el debate de ideas, que tienen que concentrarse en una idea central (a trav\u00e9s del <em>hashtag<\/em> tem\u00e1tico), evitando la dispersi\u00f3n. En este di\u00e1logo se explicitan los dem\u00e1s usuarios, indicando en el tuit su nombre.<\/li>\n<li><strong>Difusi\u00f3n de la informaci\u00f3n<\/strong>: a trav\u00e9s de los retuits viralizamos la conversaci\u00f3n y hacemos que los dem\u00e1s se enteren de informaciones relevantes. Podemos hacer un retuit directo o con cita.<\/li>\n<li><strong>Conocimiento de la red<\/strong>: Twitter es una gran herramienta para compartir enlaces y para promocionar blogs o webs corporativos. Estos enlaces tienen que aparecer debidamente recortados.<\/li>\n<li><strong>Proactividad<\/strong>: lo ideal es tuitear a menudo, de este modo mantenemos nuestra presencia en la red.<\/li>\n<li><strong>Programaci\u00f3n de los tuits<\/strong>: herramientas como Hootsuite hacen posible esta funci\u00f3n, marcando la hora en que queremos publicar. Se pierde espontaneidad, pero se favorece nuestra estrategia.<\/li>\n<li><strong>Conocimiento de los seguidores<\/strong>: es importante revisar los seguidores que tenemos, seguramente est\u00e1n muy relacionados con nuestras esferas de actividad. Tambi\u00e9n podemos hacer lo mismo con los usuarios a los que seguimos.<\/li>\n<li><strong>Mensajes privados<\/strong>: esta funci\u00f3n es \u00fatil para comunicaciones privadas con seguidores que no tenemos en ninguna otra red o servicio de mensajer\u00eda.<\/li>\n<li><strong>Reglas de cortes\u00eda<\/strong>: en un medio tan espont\u00e1neo y fluido como Twitter son muy importantes, ya que a menudo no pensamos antes de publicar en las consecuencias de nuestros mensajes.<\/li>\n<li><strong>Capacidad de compartir medios<\/strong>: en la cronolog\u00eda se pueden visualizar directamente im\u00e1genes, v\u00eddeos grabados o transmisiones en directo (Periscope, Merkaat).<\/li>\n<li><strong>Inmediatez<\/strong>: Twitter es un medio ideal para conocer de primera mano las noticias m\u00e1s actuales, y puede volverse muy potente para difundirlas en tiempo real.<\/li>\n<\/ul>\n<p>A diferencia de Facebook, en el caso de Twitter el uso profesional es muy relevante, sin olvidar otros usos.<\/p>\n<p>En los \u00faltimos a\u00f1os han triunfado las aplicaciones que presentan las noticias de Twitter (y otras redes sociales) en un formato period\u00edstico y ofrecen una gran experiencia de lectura. Son las revistas sociales como <em>Flipboard<\/em> o <em>Nuzzel<\/em>.<\/p>\n<p style=\"text-align: center;\"><em>Flipboard<\/em> de la UOC<\/p>\n<p><img loading=\"lazy\" class=\"aligncenter wp-image-114 size-full\" src=\"\/wp-content\/uploads\/2020\/01\/20.005_035.jpg\" alt=\"\" width=\"640\" height=\"463\" srcset=\"\/wp-content\/uploads\/2020\/01\/20.005_035.jpg 640w, \/wp-content\/uploads\/2020\/01\/20.005_035-300x217.jpg 300w\" sizes=\"(max-width: 640px) 100vw, 640px\" \/><\/p>\n","protected":false},"excerpt":{"rendered":"<p>Se trata de un servicio de microblogging basado en web, creado en 2006 por Jack Dorsey (con unos 332 millones de usuarios activos, fecha de enero de 2016), que permite al usuario enviar fragmentos de texto (hasta 280 caracteres), que se denominan tuits y que aparecen en la p\u00e1gina del perfil de cada usuario. Los [&hellip;]<\/p>\n","protected":false},"author":2,"featured_media":0,"parent":0,"menu_order":0,"comment_status":"closed","ping_status":"closed","template":"","meta":[],"_links":{"self":[{"href":"http:\/\/comunicacio-xarxa.recursos.uoc.edu\/es\/wp-json\/wp\/v2\/pages\/694"}],"collection":[{"href":"http:\/\/comunicacio-xarxa.recursos.uoc.edu\/es\/wp-json\/wp\/v2\/pages"}],"about":[{"href":"http:\/\/comunicacio-xarxa.recursos.uoc.edu\/es\/wp-json\/wp\/v2\/types\/page"}],"author":[{"embeddable":true,"href":"http:\/\/comunicacio-xarxa.recursos.uoc.edu\/es\/wp-json\/wp\/v2\/users\/2"}],"replies":[{"embeddable":true,"href":"http:\/\/comunicacio-xarxa.recursos.uoc.edu\/es\/wp-json\/wp\/v2\/comments?post=694"}],"version-history":[{"count":9,"href":"http:\/\/comunicacio-xarxa.recursos.uoc.edu\/es\/wp-json\/wp\/v2\/pages\/694\/revisions"}],"predecessor-version":[{"id":940,"href":"http:\/\/comunicacio-xarxa.recursos.uoc.edu\/es\/wp-json\/wp\/v2\/pages\/694\/revisions\/940"}],"wp:attachment":[{"href":"http:\/\/comunicacio-xarxa.recursos.uoc.edu\/es\/wp-json\/wp\/v2\/media?parent=694"}],"curies":[{"name":"wp","href":"https:\/\/api.w.org\/{rel}","templated":true}]}}