{"id":689,"date":"2020-01-23T21:57:43","date_gmt":"2020-01-23T19:57:43","guid":{"rendered":"http:\/\/comunicacio-xarxa.recursos.uoc.edu\/?page_id=689"},"modified":"2020-01-24T02:18:44","modified_gmt":"2020-01-24T00:18:44","slug":"4-4-2-facebook","status":"publish","type":"page","link":"http:\/\/comunicacio-xarxa.recursos.uoc.edu\/es\/4-4-2-facebook\/","title":{"rendered":"4.4.2. Facebook"},"content":{"rendered":"<p>Creado por Mark Zuckerberg, se trata del servicio de redes sociales m\u00e1s conocido; fue lanzado en febrero de 2004. En su origen era una red destinada a los universitarios de Harvard, pero en la actualidad cualquiera se puede dar de alta a partir de una direcci\u00f3n de correo electr\u00f3nico (en abril de 2016 dispone de m\u00e1s de 1.650 millones de usuarios activos). Se pueden crear perfiles con im\u00e1genes, un listado con la formaci\u00f3n y los intereses e informaci\u00f3n diversa. Con el tiempo se ha convertido en una plataforma sobre la cual otras empresas han desarrollado aplicaciones para poder hacer negocios, a pesar de que es una red m\u00e1s personal que profesional.<\/p>\n<p>Facebook fundamenta su \u00e9xito en la comunicaci\u00f3n entre los usuarios, que se puede hacer por medio de mensajes, p\u00fablicos, privados o con chat (Messenger, expuesto en el apartado anterior). A finales de 2010 lanz\u00f3 su propio servicio de correo electr\u00f3nico, que unificaba servicios de mensajer\u00eda (<em>e-mail<\/em>, chat y SMS) sin salir de la red social. Este servicio se cerr\u00f3 en febrero de 2014. En el a\u00f1o 2016 Facebook, junto con Google, Microsoft y Twitter, subscribe un c\u00f3digo de conducta de la Uni\u00f3n Europea para impedir y retirar aquellos contenidos que inciten al odio o conductas violentas. Asimismo, el mismo a\u00f1o incorpora los v\u00eddeos e im\u00e1genes de 360\u00ba, haci\u00e9ndose compatible con los nuevos dispositivos de realidad virtual (VR).<\/p>\n<p style=\"text-align: center;\">Logo de Facebook (2015)<\/p>\n<p><img loading=\"lazy\" class=\"aligncenter wp-image-104 size-medium\" src=\"\/wp-content\/uploads\/2020\/01\/20.005_030-300x113.jpg\" alt=\"\" width=\"300\" height=\"113\" srcset=\"\/wp-content\/uploads\/2020\/01\/20.005_030-300x113.jpg 300w, \/wp-content\/uploads\/2020\/01\/20.005_030.jpg 640w\" sizes=\"(max-width: 300px) 100vw, 300px\" \/><\/p>\n<p>En la interfaz de Facebook podemos distinguir una serie de elementos:<\/p>\n<ul>\n<li><strong>Perfil<\/strong>: datos de la persona. Aparecen datos biogr\u00e1ficos, los amigos, la fotograf\u00eda y los mensajes del muro.<\/li>\n<li><strong>P\u00e1gina de inicio<\/strong>: desde ella accedemos a las \u00faltimas actualizaciones de nuestros amigos.<\/li>\n<li><strong>Amigos<\/strong>: aparecen los amigos a\u00f1adidos a nuestro Facebook. Podemos buscar e invitar a contactos nuevos. Tambi\u00e9n tenemos el apartado de \u00abSolicitudes de amistad\u00bb, desde el cual accedemos a aquellas personas que quieren convertirse en amigas, con la opci\u00f3n de aceptarlas o no.<\/li>\n<li><strong>Mensajes<\/strong>: accedemos a los mensajes privados recibidos y enviados. Un avisador rojo nos indica la presencia de mensajes nuevos. Se ha creado la aplicaci\u00f3n m\u00f3vil Facebook Messenger para utilizarla como servicio de mensajer\u00eda independiente.<\/li>\n<li><strong>Biograf\u00eda<\/strong> (era el muro en la versi\u00f3n anterior): lugar donde los usuarios dejan mensajes p\u00fablicos en el perfil de los contactos. El objetivo es compartir informaci\u00f3n, sean actualizaciones de estado, enlaces, im\u00e1genes, v\u00eddeos, todos ellos con la opci\u00f3n de comentarios y\/o de botones de reacciones (\u00abMe gusta\u00bb, \u00abMe encanta\u00bb, \u00abMe divierte\u00bb, \u00abMe asombra\u00bb, \u00abMe entristece\u00bb y \u00abMe enfada\u00bb). Los diferentes <em>posts<\/em> se encuentran ordenados cronol\u00f3gicamente, hasta el punto de que podemos acceder a las fechas m\u00e1s representativas de la biograf\u00eda del usuario.<\/li>\n<\/ul>\n<p style=\"text-align: center;\">Las reacciones del Facebook (la evoluci\u00f3n del <em>like<\/em>)<\/p>\n<p><img loading=\"lazy\" class=\"alignnone size-medium wp-image-106 aligncenter\" src=\"\/wp-content\/uploads\/2020\/01\/20.005_031-300x56.jpg\" alt=\"\" width=\"300\" height=\"56\" srcset=\"\/wp-content\/uploads\/2020\/01\/20.005_031-300x56.jpg 300w, \/wp-content\/uploads\/2020\/01\/20.005_031.jpg 640w\" sizes=\"(max-width: 300px) 100vw, 300px\" \/><\/p>\n<ul>\n<li><strong>Anotaciones<\/strong>: opci\u00f3n de publicar notas con un sencillo documento de texto que en los grupos puede ser colaborativo.<\/li>\n<li><strong>Chat<\/strong>: opci\u00f3n de comunicaci\u00f3n s\u00edncrona con las amistades. En los ordenadores se encuentra integrado, en los dispositivos m\u00f3viles es una <em>app<\/em> independiente.<\/li>\n<li><strong>Eventos<\/strong>: podemos crear eventos e invitar a nuestras amistades. A la vez podemos participar en eventos creados por otros e intervenir en ellos.<\/li>\n<li><strong>Grupos<\/strong>: opci\u00f3n de crear grupos de intereses, sean p\u00fablicos, privados o secretos. Podemos trabajar documentos colaborativamente, hacer chats en grupo, adem\u00e1s de compartir enlaces, im\u00e1genes o v\u00eddeos. Tambi\u00e9n se pueden subir archivos y se conecta con Dropbox.<\/li>\n<li><strong>P\u00e1ginas<\/strong>: opci\u00f3n de crear p\u00e1ginas para promocionar un personaje p\u00fablico, un negocio, un producto, una causa o una instituci\u00f3n.<\/li>\n<li><strong>Aplicaciones<\/strong>: a menudo se desarrollan de manera externa a Facebook y permiten ejecutar una serie de acciones, como juegos o actualizaciones de herramientas.<\/li>\n<li><strong>V\u00eddeo en directo<\/strong>: en los dispositivos m\u00f3viles tenemos la opci\u00f3n de hacer v\u00eddeo en <em>streaming<\/em> en directo (Facebook Live) de forma similar a Periscope, con posibilidad de interactuar con los usuarios.<\/li>\n<\/ul>\n<p style=\"text-align: center;\">P\u00e1gina de la UOC (Facebook)<\/p>\n<p><img loading=\"lazy\" class=\"aligncenter wp-image-108 size-full\" src=\"\/wp-content\/uploads\/2020\/01\/20.005_032.jpg\" alt=\"\" width=\"640\" height=\"531\" srcset=\"\/wp-content\/uploads\/2020\/01\/20.005_032.jpg 640w, \/wp-content\/uploads\/2020\/01\/20.005_032-300x249.jpg 300w\" sizes=\"(max-width: 640px) 100vw, 640px\" \/><\/p>\n<p>Facebook ha sido los \u00faltimos a\u00f1os el servicio m\u00e1s popular de redes sociales, por eso, las posibilidades comunicativas del medio son enormes, aunque debemos tener presente una serie de indicaciones para optimizar nuestra estrategia:<\/p>\n<ul>\n<li><strong>Personalizar las opciones de privacidad<\/strong>: podemos elegir qui\u00e9n puede visualizar nuestras publicaciones, las podemos hacer p\u00fablicas o restringirlas a nuestros amigos o solo a nosotros mismos. Igualmente, podemos personalizarla m\u00e1s en funci\u00f3n de la localizaci\u00f3n o de gente con intereses comunes. Tambi\u00e9n podemos establecer qui\u00e9n puede contactar con el usuario enviando solicitudes de amistad (o todo el mundo o los amigos de los amigos). Por \u00faltimo, est\u00e1n las opciones sobre qui\u00e9nes nos pueden buscar a trav\u00e9s de la direcci\u00f3n de correo, el tel\u00e9fono o los motores de b\u00fasqueda m\u00e1s comunes.<\/li>\n<li><strong>Opciones de privacidad en las entradas<\/strong>: resulta \u00fatil determinar en las entradas nuestra audiencia potencial, y podemos seleccionar individualmente si queremos que sea p\u00fablica o que la vean tan solo nuestros amigos, entre otras opciones.<\/li>\n<li><strong>Opciones de compartici\u00f3n<\/strong>: la red social ofrece diferentes opciones de compartici\u00f3n, tanto desde nuestro perfil como de las p\u00e1ginas y de los grupos gestionados. Igualmente, es posible hacerlo como mensaje privado. Tiene una gran fuerza viral.<\/li>\n<li><strong>Publicar y compartir medios<\/strong>: en nuestras entradas no tan solo publicamos texto, sino que insertamos enlaces (que se despliegan mostrando una captura a modo de s\u00edntesis), subimos im\u00e1genes (que se pueden ordenar en \u00e1lbumes), v\u00eddeos grabados o <em>streaming<\/em> en directo. Hay que ser especialmente cuidadosos con el etiquetado fotogr\u00e1fico y en general con las im\u00e1genes que compartimos.<\/li>\n<li><strong>Activar notificaciones en dispositivos m\u00f3viles<\/strong>: es una forma de estar atentos a todo lo que sucede en relaci\u00f3n con nuestros amigos y las publicaciones de p\u00e1ginas y grupos.<\/li>\n<li><strong>Generar eventos<\/strong>: \u00fatil para hacer convocatorias de actos o encuentros, tanto en el \u00e1mbito personal como incluso en el profesional.<\/li>\n<li><strong>Uso de lenguaje correcto<\/strong>: el hecho de entrar en una red social donde podemos encontrar todo tipo de gente no nos exime de emplear un lenguaje correcto, ya que tampoco se trata de un chat.<\/li>\n<li><strong>La fuerza de los grupos y las p\u00e1ginas<\/strong>: si nos unimos a grupos de inter\u00e9s o a p\u00e1ginas corporativas, esto nos puede acercar a gente y organizaciones que nos permitir\u00e1n interactuar y generar valor.<\/li>\n<li><strong>Publicar regularmente<\/strong>: los lugares de redes sociales son realidades vivas y no tiene mucho sentido mantener una cuenta y no desarrollar ninguna actividad. Facebook es tambi\u00e9n una herramienta potente para nuestro posicionamiento en la Red.<\/li>\n<\/ul>\n","protected":false},"excerpt":{"rendered":"<p>Creado por Mark Zuckerberg, se trata del servicio de redes sociales m\u00e1s conocido; fue lanzado en febrero de 2004. En su origen era una red destinada a los universitarios de Harvard, pero en la actualidad cualquiera se puede dar de alta a partir de una direcci\u00f3n de correo electr\u00f3nico (en abril de 2016 dispone de [&hellip;]<\/p>\n","protected":false},"author":2,"featured_media":0,"parent":0,"menu_order":0,"comment_status":"closed","ping_status":"closed","template":"","meta":[],"_links":{"self":[{"href":"http:\/\/comunicacio-xarxa.recursos.uoc.edu\/es\/wp-json\/wp\/v2\/pages\/689"}],"collection":[{"href":"http:\/\/comunicacio-xarxa.recursos.uoc.edu\/es\/wp-json\/wp\/v2\/pages"}],"about":[{"href":"http:\/\/comunicacio-xarxa.recursos.uoc.edu\/es\/wp-json\/wp\/v2\/types\/page"}],"author":[{"embeddable":true,"href":"http:\/\/comunicacio-xarxa.recursos.uoc.edu\/es\/wp-json\/wp\/v2\/users\/2"}],"replies":[{"embeddable":true,"href":"http:\/\/comunicacio-xarxa.recursos.uoc.edu\/es\/wp-json\/wp\/v2\/comments?post=689"}],"version-history":[{"count":5,"href":"http:\/\/comunicacio-xarxa.recursos.uoc.edu\/es\/wp-json\/wp\/v2\/pages\/689\/revisions"}],"predecessor-version":[{"id":865,"href":"http:\/\/comunicacio-xarxa.recursos.uoc.edu\/es\/wp-json\/wp\/v2\/pages\/689\/revisions\/865"}],"wp:attachment":[{"href":"http:\/\/comunicacio-xarxa.recursos.uoc.edu\/es\/wp-json\/wp\/v2\/media?parent=689"}],"curies":[{"name":"wp","href":"https:\/\/api.w.org\/{rel}","templated":true}]}}