{"id":681,"date":"2020-01-23T21:49:47","date_gmt":"2020-01-23T19:49:47","guid":{"rendered":"http:\/\/comunicacio-xarxa.recursos.uoc.edu\/?page_id=681"},"modified":"2020-01-24T21:00:51","modified_gmt":"2020-01-24T19:00:51","slug":"4-4-1-introduccion","status":"publish","type":"page","link":"http:\/\/comunicacio-xarxa.recursos.uoc.edu\/es\/4-4-1-introduccion\/","title":{"rendered":"4.4.1. Introducci\u00f3n"},"content":{"rendered":"<p>Los sitios de redes sociales se concretan en servicios de Internet, llamados servicios de redes sociales (en ingl\u00e9s<em> social network sites<\/em>), que se especializan en permitir relaciones entre las personas (De Haro, 2010, p\u00e1g. 38), y que tienen como principal objetivo a\u00f1adir contactos y devenir agente social.<\/p>\n<p>En cuanto a las redes sociales, las podemos dividir inicialmente en dos tipos, seg\u00fan la tabla siguiente:<\/p>\n<table>\n<tbody>\n<tr>\n<th width=\"255\">Anal\u00f3gicas (<em>offline<\/em>)<\/th>\n<td width=\"365\">Relaciones sociales en las que no intervienen sistemas electr\u00f3nicos (ejemplo: la red de amigos de un matrimonio).<\/td>\n<\/tr>\n<tr>\n<th width=\"255\">Digitales (<em>online<\/em>)<\/th>\n<td width=\"365\">Tienen lugar por medio de sistemas electr\u00f3nicos y se concretan en sitios web. Se dividen en:<\/p>\n<ul>\n<li>Redes sociales horizontales: son gen\u00e9ricas y se dirigen a todo tipo de usuarios. No tienen un contenido predeterminado. Ejemplos: Facebook, Twitter.<\/li>\n<li>Redes sociales verticales: poseen un contenido espec\u00edfico, buscan gente con intereses similares. Entre ellas encontramos las profesionales (LinkedIn), de ocio (LAST.FM), fotogr\u00e1ficas (Instagram, Pinterest, Flickr), etc.<\/li>\n<\/ul>\n<\/td>\n<\/tr>\n<\/tbody>\n<\/table>\n<p>En este apartado nos centraremos en los sitios de redes sociales horizontales o generalistas, y analizaremos las dos m\u00e1s importantes: Facebook y Twitter, aunque la segunda es, propiamente y desde un punto de vista t\u00e9cnico, un servicio de <em>microblogging<\/em>.<\/p>\n<div class=\"featured featured-blue\"><p><strong>Los seis grados de separaci\u00f3n<\/strong><\/p>\n<p>Se trata de una conocida teor\u00eda que se\u00f1ala que cualquier persona de nuestro planeta puede estar conectada a cualquier otra por medio de una cadena de conocidos que no tiene m\u00e1s de cinco intermediarios (es decir, se conectan por seis enlaces). Se basa en que cuando crece el n\u00famero de enlaces lo hace exponencialmente el n\u00famero de conocidos. Har\u00eda falta tan solo un peque\u00f1o n\u00famero de enlaces para convertir el conjunto de conocidos en toda la poblaci\u00f3n humana. Esta teor\u00eda la propuso <a class=\"tooltip\"  href=\"javascript:void(0);\" data-toggle=\"popover\" data-placement=\"bottom\" data-content=\"Fuente: Wikipedia.\">Frigyes Karinthy en el a\u00f1o 1929<\/a>.<\/p>\n<p>Se puede comprobar en una web llamada <a href=\"https:\/\/oracleofbacon.org\/\" target=\"_blank\" rel=\"noopener noreferrer\"><em>The Oracle of Bacon<\/em><\/a>: indicamos un actor o actriz cualquiera y el sistema nos indica los grados de separaci\u00f3n respecto a Kevin Bacon:<\/p>\n<p style=\"text-align: center;\">Resultado de la comparaci\u00f3n Kevin Bacon-Cary Grant<\/p>\n<p><img loading=\"lazy\" class=\"aligncenter wp-image-102 size-full\" src=\"\/wp-content\/uploads\/2020\/01\/20.005_029.jpg\" alt=\"\" width=\"640\" height=\"461\" srcset=\"\/wp-content\/uploads\/2020\/01\/20.005_029.jpg 640w, \/wp-content\/uploads\/2020\/01\/20.005_029-300x216.jpg 300w\" sizes=\"(max-width: 640px) 100vw, 640px\" \/><\/p>\n<p>\n<\/div>\n","protected":false},"excerpt":{"rendered":"<p>Los sitios de redes sociales se concretan en servicios de Internet, llamados servicios de redes sociales (en ingl\u00e9s social network sites), que se especializan en permitir relaciones entre las personas (De Haro, 2010, p\u00e1g. 38), y que tienen como principal objetivo a\u00f1adir contactos y devenir agente social. En cuanto a las redes sociales, las podemos [&hellip;]<\/p>\n","protected":false},"author":2,"featured_media":0,"parent":0,"menu_order":0,"comment_status":"closed","ping_status":"closed","template":"","meta":[],"_links":{"self":[{"href":"http:\/\/comunicacio-xarxa.recursos.uoc.edu\/es\/wp-json\/wp\/v2\/pages\/681"}],"collection":[{"href":"http:\/\/comunicacio-xarxa.recursos.uoc.edu\/es\/wp-json\/wp\/v2\/pages"}],"about":[{"href":"http:\/\/comunicacio-xarxa.recursos.uoc.edu\/es\/wp-json\/wp\/v2\/types\/page"}],"author":[{"embeddable":true,"href":"http:\/\/comunicacio-xarxa.recursos.uoc.edu\/es\/wp-json\/wp\/v2\/users\/2"}],"replies":[{"embeddable":true,"href":"http:\/\/comunicacio-xarxa.recursos.uoc.edu\/es\/wp-json\/wp\/v2\/comments?post=681"}],"version-history":[{"count":9,"href":"http:\/\/comunicacio-xarxa.recursos.uoc.edu\/es\/wp-json\/wp\/v2\/pages\/681\/revisions"}],"predecessor-version":[{"id":994,"href":"http:\/\/comunicacio-xarxa.recursos.uoc.edu\/es\/wp-json\/wp\/v2\/pages\/681\/revisions\/994"}],"wp:attachment":[{"href":"http:\/\/comunicacio-xarxa.recursos.uoc.edu\/es\/wp-json\/wp\/v2\/media?parent=681"}],"curies":[{"name":"wp","href":"https:\/\/api.w.org\/{rel}","templated":true}]}}