{"id":672,"date":"2020-01-23T21:26:54","date_gmt":"2020-01-23T19:26:54","guid":{"rendered":"http:\/\/comunicacio-xarxa.recursos.uoc.edu\/?page_id=672"},"modified":"2020-01-24T02:09:44","modified_gmt":"2020-01-24T00:09:44","slug":"4-3-2-los-blogs","status":"publish","type":"page","link":"http:\/\/comunicacio-xarxa.recursos.uoc.edu\/es\/4-3-2-los-blogs\/","title":{"rendered":"4.3.2. Los blogs"},"content":{"rendered":"<p>Un blog es un conjunto de p\u00e1ginas web creadas con un sistema de edici\u00f3n y publicaci\u00f3n intuitivo, divididas en unidades llamadas entradas o apuntes (<em>posts<\/em>), que se ordenan de forma cronol\u00f3gicamente inversa. Es interesante esta dimensi\u00f3n temporal del blog, que lo convierte en un producto que otorga a la actualizaci\u00f3n un gran valor y que puede utilizarse como canal de noticias, diario personal, bolet\u00edn tecnol\u00f3gico, conjunto de reflexiones literarias, filos\u00f3ficas o pol\u00edticas, etc. La democratizaci\u00f3n de la comunicaci\u00f3n que ha propiciado Internet ha tenido en la eclosi\u00f3n de los blogs uno de los hitos m\u00e1s destacados, convirti\u00e9ndose incluso en una nueva forma de periodismo capaz de mostrar hechos que los medios tradicionales silenciaban.<\/p>\n<p>Hist\u00f3ricamente, los primeros blogs tan solo eran listas de enlaces que ofrec\u00edan una prenavegaci\u00f3n de la Red; con el tiempo, se ha destacado su car\u00e1cter de diario interactivo y se ha convertido en un medio de comunicaci\u00f3n en l\u00ednea y un g\u00e9nero discursivo con rasgos diferenciadores que, a pesar de haber perdido el empuje inicial con la llegada del <em>microblogging<\/em> y los sitios de redes sociales, sigue siendo un referente del mundo digital y una herramienta privilegiada para la comunicaci\u00f3n en la Red.<\/p>\n<p style=\"text-align: center;\">Ejemplo de escritorio de administraci\u00f3n de WordPress.com<\/p>\n<p><img loading=\"lazy\" class=\"aligncenter size-full wp-image-557\" src=\"\/wp-content\/uploads\/2020\/01\/20.105_026.jpg\" alt=\"\" width=\"640\" height=\"386\" srcset=\"\/wp-content\/uploads\/2020\/01\/20.105_026.jpg 640w, \/wp-content\/uploads\/2020\/01\/20.105_026-300x181.jpg 300w\" sizes=\"(max-width: 640px) 100vw, 640px\" \/><\/p>\n<p>En la arquitectura de un blog podemos mencionar las partes siguientes:<\/p>\n<ul>\n<li><strong>Direcci\u00f3n web<\/strong>: puede ser un dominio propio del autor, un subdominio en un servidor web corporativo o un dominio generado en un sistema de publicaci\u00f3n generalista (Blogger o WordPress, por ejemplo).<\/li>\n<li><strong>Identificaci\u00f3n del autor<\/strong>: puede aparecer la informaci\u00f3n en el perfil (frecuente en Blogger) o en una p\u00e1gina o pesta\u00f1a creada para la ocasi\u00f3n.<\/li>\n<li><strong>Entradas, apuntes o anotaciones (<em>posts<\/em>)<\/strong>: son las unidades en que se divide el blog, cada una de las intervenciones o fragmentos del autor. Normalmente se ordenan con la m\u00e1s nueva en la parte superior de la p\u00e1gina (orden cronol\u00f3gico inverso). Cada entrada posee t\u00edtulo, enlace permanente a la URL del apunte, texto (con la opci\u00f3n de incorporar enlaces, muy empleada) y eventualmente im\u00e1genes y objetos multimedia incrustados (v\u00eddeos, audios, presentaciones, etc.). Hay marcador de fecha y hora de publicaci\u00f3n, firma de autor, enlace a los comentarios y puede incluir retroenlaces y <em>pingbacks<\/em>. Otros elementos pueden ser las categor\u00edas y las etiquetas o <em>tags<\/em>. En la actualidad, la mayor\u00eda de las plantillas permiten compartir con las herramientas sociales m\u00e1s conocidas (redes sociales, <em>microblogging<\/em>, marcadores sociales, etc.).<\/li>\n<li><strong><em>Blogroll<\/em> o listado de enlaces<\/strong>: es un conjunto de enlaces a otros blogs recomendados por el autor, facilitando la creaci\u00f3n de comunidad y la interacci\u00f3n (con la m\u00e1xima \u00abte enlazo si t\u00fa me enlazas\u00bb).<\/li>\n<li><strong>Archivos hist\u00f3ricos<\/strong>: las anotaciones se organizan por a\u00f1os y meses f\u00e1cilmente consultables por enlaces automatizados.<\/li>\n<li><strong>Categor\u00edas<\/strong>: las que se han creado para clasificar los contenidos aparecen en una columna para facilitar la navegaci\u00f3n.<\/li>\n<li><strong><em>Widgets<\/em> (o <em>gadgets<\/em>)<\/strong>: peque\u00f1as aplicaciones que cumplen diferentes funciones en el blog (calendarios, listados de enlaces, v\u00eddeos, suscripci\u00f3n de usuarios, buscador, actualizaciones de redes sociales, etc.).<\/li>\n<li><strong>Fuentes RSS<\/strong>: a trav\u00e9s de los archivos de metadatos, podemos sindicar los contenidos de cada blog y suscribirnos por medio de los lectores de <em>feeds<\/em>, programas para acceder a los titulares de los apuntes sin necesidad de abrir cada blog por separado.<\/li>\n<\/ul>\n<p style=\"text-align: center;\">Ejemplo de blog (WordPress.com)<\/p>\n<p><img loading=\"lazy\" class=\"aligncenter wp-image-98 size-full\" src=\"\/wp-content\/uploads\/2020\/01\/20.005_027.jpg\" alt=\"\" width=\"640\" height=\"555\" srcset=\"\/wp-content\/uploads\/2020\/01\/20.005_027.jpg 640w, \/wp-content\/uploads\/2020\/01\/20.005_027-300x260.jpg 300w\" sizes=\"(max-width: 640px) 100vw, 640px\" \/><\/p>\n<p>Existen blogs meramente textuales, otros donde la imagen es lo m\u00e1s importante (fotoblogs), los que est\u00e1n estructurados en <em>podcasts<\/em> (archivos de audio compartidos) y los videoblogs (o vlogs), que se centran b\u00e1sicamente en v\u00eddeo. Lo m\u00e1s habitual, sin embargo, son los blogs h\u00edbridos, con microcontenidos variados en funci\u00f3n de las circunstancias comunicativas.<\/p>\n<p>Los blogs se pueden aplicar en diferentes entornos personales y profesionales (educaci\u00f3n, periodismo, pol\u00edtica, tecnolog\u00eda, literatura, etc.) y poseen una evidente capacidad para generar interacci\u00f3n (v\u00eda comentarios) con los autores. La ventaja de esta herramienta es que el administrador (o editor, depende del rol asignado) puede controlar los comentarios a trav\u00e9s de la moderaci\u00f3n y puede configurar el blog de acuerdo con la audiencia a la cual va dirigido. Adem\u00e1s, el orden cronol\u00f3gico permite ordenar los contenidos, que tambi\u00e9n se pueden estructurar por categor\u00edas. Algunos de estos sistemas de publicaci\u00f3n (WordPress entre ellos) gestionan muy bien las p\u00e1ginas y los men\u00fas, de tal manera que el blog se convierte en un producto f\u00e1cilmente asimilable a un sitio web convencional con grandes posibilidades interactivas. Para favorecer nuestra estrategia comunicativa hay varias opciones:<\/p>\n<ul>\n<li>Tener muy clara la audiencia a la que nos dirigimos.<\/li>\n<li>Emplear una plantilla con la que nos sintamos c\u00f3modos y en la cual no resulte complicado navegar. Esta plantilla tendr\u00e1 que ser compatible con los dispositivos m\u00f3viles.<\/li>\n<li>Establecer una pol\u00edtica de enlaces que sea coherente con los contenidos.<\/li>\n<li>Moderar preferentemente los comentarios para separar los m\u00e1s adecuados de aquellos que resulten inapropiados por no respetar las reglas de la <em>netiqueta.<\/em><\/li>\n<li>Enriquecer nuestros apuntes con im\u00e1genes y enlaces, siempre mejor que solo texto. Emplear recursos tipogr\u00e1ficos (negrita, cursiva, subrayado).<\/li>\n<li>Incorporar solo los <em>widgets<\/em> que sean estrictamente necesarios. Un blog muy recargado no invita a que lo visitemos.<\/li>\n<li>Si incorporamos v\u00eddeos o presentaciones, incrustarlos correctamente con el c\u00f3digo para que sean directamente visionados sin tener que abrir una p\u00e1gina nueva.<\/li>\n<li>Favorecer la compartici\u00f3n con los sitios de redes sociales a trav\u00e9s de los botones correspondientes en cada anotaci\u00f3n (y en los dispositivos m\u00f3viles, tambi\u00e9n con los servicios de mensajer\u00eda).<\/li>\n<\/ul>\n<p style=\"text-align: center;\">Botones de compartici\u00f3n (WordPress)<\/p>\n<p><img loading=\"lazy\" class=\"aligncenter size-full wp-image-559\" src=\"\/wp-content\/uploads\/2020\/01\/20.105_028.jpg\" alt=\"\" width=\"640\" height=\"107\" srcset=\"\/wp-content\/uploads\/2020\/01\/20.105_028.jpg 640w, \/wp-content\/uploads\/2020\/01\/20.105_028-300x50.jpg 300w\" sizes=\"(max-width: 640px) 100vw, 640px\" \/><\/p>\n<p>En resumen, podemos considerar los blogs una herramienta muy potente para comunicar, adem\u00e1s de ser un subg\u00e9nero literario en s\u00ed mismo y un creador de comunidad.<\/p>\n","protected":false},"excerpt":{"rendered":"<p>Un blog es un conjunto de p\u00e1ginas web creadas con un sistema de edici\u00f3n y publicaci\u00f3n intuitivo, divididas en unidades llamadas entradas o apuntes (posts), que se ordenan de forma cronol\u00f3gicamente inversa. Es interesante esta dimensi\u00f3n temporal del blog, que lo convierte en un producto que otorga a la actualizaci\u00f3n un gran valor y que [&hellip;]<\/p>\n","protected":false},"author":2,"featured_media":0,"parent":0,"menu_order":0,"comment_status":"closed","ping_status":"closed","template":"","meta":[],"_links":{"self":[{"href":"http:\/\/comunicacio-xarxa.recursos.uoc.edu\/es\/wp-json\/wp\/v2\/pages\/672"}],"collection":[{"href":"http:\/\/comunicacio-xarxa.recursos.uoc.edu\/es\/wp-json\/wp\/v2\/pages"}],"about":[{"href":"http:\/\/comunicacio-xarxa.recursos.uoc.edu\/es\/wp-json\/wp\/v2\/types\/page"}],"author":[{"embeddable":true,"href":"http:\/\/comunicacio-xarxa.recursos.uoc.edu\/es\/wp-json\/wp\/v2\/users\/2"}],"replies":[{"embeddable":true,"href":"http:\/\/comunicacio-xarxa.recursos.uoc.edu\/es\/wp-json\/wp\/v2\/comments?post=672"}],"version-history":[{"count":6,"href":"http:\/\/comunicacio-xarxa.recursos.uoc.edu\/es\/wp-json\/wp\/v2\/pages\/672\/revisions"}],"predecessor-version":[{"id":863,"href":"http:\/\/comunicacio-xarxa.recursos.uoc.edu\/es\/wp-json\/wp\/v2\/pages\/672\/revisions\/863"}],"wp:attachment":[{"href":"http:\/\/comunicacio-xarxa.recursos.uoc.edu\/es\/wp-json\/wp\/v2\/media?parent=672"}],"curies":[{"name":"wp","href":"https:\/\/api.w.org\/{rel}","templated":true}]}}