{"id":650,"date":"2020-01-23T21:04:05","date_gmt":"2020-01-23T19:04:05","guid":{"rendered":"http:\/\/comunicacio-xarxa.recursos.uoc.edu\/?page_id=650"},"modified":"2020-01-24T20:53:43","modified_gmt":"2020-01-24T18:53:43","slug":"4-1-introduccion","status":"publish","type":"page","link":"http:\/\/comunicacio-xarxa.recursos.uoc.edu\/es\/4-1-introduccion\/","title":{"rendered":"4.1. Introducci\u00f3n"},"content":{"rendered":"<p>Llamamos \u00abmedios sociales\u00bb (m\u00e1s conocidos por la expresi\u00f3n inglesa <em>social media<\/em>) a aquellas plataformas comunicativas en l\u00ednea que se centran en la interacci\u00f3n social (con v\u00ednculos m\u00e1s o menos estables), con un contenido que es creado mayoritariamente por los usuarios (autopublicaci\u00f3n en web). Seg\u00fan Kaplan y Haenlein (2010, p\u00e1g. 61), se trata de aplicaciones que permiten crear contenido que los usuarios intercambian. En el paradigma de la Web 2.0, como hemos visto en el primer apartado de este material, es fundamental la creaci\u00f3n y el intercambio de los contenidos que van generando los usuarios. Los medios sociales introducen una nueva forma de comunicar que se diferencia de la comunicaci\u00f3n personal por el alcance y la influencia que pueden llegar a tener los contenidos compartidos. Aqu\u00ed ya no nos encontramos con una comunicaci\u00f3n de uno a uno, sino de uno a muchos, por lo cual resulta imprescindible conocer las normas de funcionamiento de estas aplicaciones, as\u00ed como su configuraci\u00f3n de privacidad y nuestra forma de mostrarnos ante una audiencia multiforme.<\/p>\n","protected":false},"excerpt":{"rendered":"<p>Llamamos \u00abmedios sociales\u00bb (m\u00e1s conocidos por la expresi\u00f3n inglesa social media) a aquellas plataformas comunicativas en l\u00ednea que se centran en la interacci\u00f3n social (con v\u00ednculos m\u00e1s o menos estables), con un contenido que es creado mayoritariamente por los usuarios (autopublicaci\u00f3n en web). Seg\u00fan Kaplan y Haenlein (2010, p\u00e1g. 61), se trata de aplicaciones que [&hellip;]<\/p>\n","protected":false},"author":2,"featured_media":0,"parent":0,"menu_order":0,"comment_status":"closed","ping_status":"closed","template":"","meta":[],"_links":{"self":[{"href":"http:\/\/comunicacio-xarxa.recursos.uoc.edu\/es\/wp-json\/wp\/v2\/pages\/650"}],"collection":[{"href":"http:\/\/comunicacio-xarxa.recursos.uoc.edu\/es\/wp-json\/wp\/v2\/pages"}],"about":[{"href":"http:\/\/comunicacio-xarxa.recursos.uoc.edu\/es\/wp-json\/wp\/v2\/types\/page"}],"author":[{"embeddable":true,"href":"http:\/\/comunicacio-xarxa.recursos.uoc.edu\/es\/wp-json\/wp\/v2\/users\/2"}],"replies":[{"embeddable":true,"href":"http:\/\/comunicacio-xarxa.recursos.uoc.edu\/es\/wp-json\/wp\/v2\/comments?post=650"}],"version-history":[{"count":7,"href":"http:\/\/comunicacio-xarxa.recursos.uoc.edu\/es\/wp-json\/wp\/v2\/pages\/650\/revisions"}],"predecessor-version":[{"id":988,"href":"http:\/\/comunicacio-xarxa.recursos.uoc.edu\/es\/wp-json\/wp\/v2\/pages\/650\/revisions\/988"}],"wp:attachment":[{"href":"http:\/\/comunicacio-xarxa.recursos.uoc.edu\/es\/wp-json\/wp\/v2\/media?parent=650"}],"curies":[{"name":"wp","href":"https:\/\/api.w.org\/{rel}","templated":true}]}}