{"id":642,"date":"2020-01-23T20:59:26","date_gmt":"2020-01-23T18:59:26","guid":{"rendered":"http:\/\/comunicacio-xarxa.recursos.uoc.edu\/?page_id=642"},"modified":"2020-01-24T01:50:16","modified_gmt":"2020-01-23T23:50:16","slug":"3-5-3-hangouts","status":"publish","type":"page","link":"http:\/\/comunicacio-xarxa.recursos.uoc.edu\/es\/3-5-3-hangouts\/","title":{"rendered":"3.5.3. Hangouts"},"content":{"rendered":"<p>Es la aplicaci\u00f3n de mensajer\u00eda instant\u00e1nea de Google y sustituy\u00f3 a Google Talk. Utiliza un protocolo de comunicaci\u00f3n totalmente nuevo en relaci\u00f3n con Google Talk. Es tambi\u00e9n un servicio multiplataforma y se encuentra integrado en el conjunto de la oferta de Google. Nos permite mantener conversaciones entre dos usuarios o m\u00e1s y tambi\u00e9n videollamadas en grupo (quince personas como l\u00edmite en la web y diez en el dispositivo m\u00f3vil). En el men\u00fa principal disponemos del acceso a los contactos, a las conversaciones, a las llamadas, las invitaciones pendientes, el marcador de Hangouts para las llamadas y una funcionalidad muy interesante, los Hangouts en directo. Su inter\u00e9s radica en el hecho de que podemos retransmitir contenido en v\u00eddeo para una audiencia que se puede circunscribir a nuestros amigos o hacerse p\u00fablico. Con esta funci\u00f3n se pueden impartir clases en directo con la interacci\u00f3n de los usuarios, que pueden formular sus comentarios y preguntas al ponente. Incluso se pueden conocer las preguntas con antelaci\u00f3n para poder preparar las respuestas.<\/p>\n<p style=\"text-align: center;\">Creaci\u00f3n de un Hangout en directo (versi\u00f3n escritorio)<\/p>\n<p><img loading=\"lazy\" class=\"aligncenter wp-image-92 size-full\" src=\"\/wp-content\/uploads\/2020\/01\/20.005_024.jpg\" alt=\"\" width=\"640\" height=\"567\" srcset=\"\/wp-content\/uploads\/2020\/01\/20.005_024.jpg 640w, \/wp-content\/uploads\/2020\/01\/20.005_024-300x266.jpg 300w\" sizes=\"(max-width: 640px) 100vw, 640px\" \/><\/p>\n<p>En resumen, Hangouts nos puede ayudar en nuestra estrategia comunicativa si necesitamos realizar trabajos cooperativos o proyectos, y a la vez nos permite determinar muy claramente la audiencia a la cual nos dirigiremos.<\/p>\n","protected":false},"excerpt":{"rendered":"<p>Es la aplicaci\u00f3n de mensajer\u00eda instant\u00e1nea de Google y sustituy\u00f3 a Google Talk. Utiliza un protocolo de comunicaci\u00f3n totalmente nuevo en relaci\u00f3n con Google Talk. Es tambi\u00e9n un servicio multiplataforma y se encuentra integrado en el conjunto de la oferta de Google. Nos permite mantener conversaciones entre dos usuarios o m\u00e1s y tambi\u00e9n videollamadas en [&hellip;]<\/p>\n","protected":false},"author":2,"featured_media":0,"parent":0,"menu_order":0,"comment_status":"closed","ping_status":"closed","template":"","meta":[],"_links":{"self":[{"href":"http:\/\/comunicacio-xarxa.recursos.uoc.edu\/es\/wp-json\/wp\/v2\/pages\/642"}],"collection":[{"href":"http:\/\/comunicacio-xarxa.recursos.uoc.edu\/es\/wp-json\/wp\/v2\/pages"}],"about":[{"href":"http:\/\/comunicacio-xarxa.recursos.uoc.edu\/es\/wp-json\/wp\/v2\/types\/page"}],"author":[{"embeddable":true,"href":"http:\/\/comunicacio-xarxa.recursos.uoc.edu\/es\/wp-json\/wp\/v2\/users\/2"}],"replies":[{"embeddable":true,"href":"http:\/\/comunicacio-xarxa.recursos.uoc.edu\/es\/wp-json\/wp\/v2\/comments?post=642"}],"version-history":[{"count":6,"href":"http:\/\/comunicacio-xarxa.recursos.uoc.edu\/es\/wp-json\/wp\/v2\/pages\/642\/revisions"}],"predecessor-version":[{"id":856,"href":"http:\/\/comunicacio-xarxa.recursos.uoc.edu\/es\/wp-json\/wp\/v2\/pages\/642\/revisions\/856"}],"wp:attachment":[{"href":"http:\/\/comunicacio-xarxa.recursos.uoc.edu\/es\/wp-json\/wp\/v2\/media?parent=642"}],"curies":[{"name":"wp","href":"https:\/\/api.w.org\/{rel}","templated":true}]}}