{"id":629,"date":"2020-01-23T20:54:03","date_gmt":"2020-01-23T18:54:03","guid":{"rendered":"http:\/\/comunicacio-xarxa.recursos.uoc.edu\/?page_id=629"},"modified":"2020-01-23T20:54:03","modified_gmt":"2020-01-23T18:54:03","slug":"3-5-1-introduccion","status":"publish","type":"page","link":"http:\/\/comunicacio-xarxa.recursos.uoc.edu\/es\/3-5-1-introduccion\/","title":{"rendered":"3.5.1. Introducci\u00f3n"},"content":{"rendered":"<p>Para cerrar este apartado, haremos una breve referencia a dos aplicaciones que adquieren un valor a\u00f1adido por sus posibilidades en el \u00e1mbito de la videoconferencia. Si bien en los casos anteriores se parte de una comunicaci\u00f3n v\u00eda texto y se reduce a una conversaci\u00f3n textual con la eventual inserci\u00f3n de medios, en estos sistemas la comunicaci\u00f3n en audio y v\u00eddeo es el punto fuerte, exigiendo un grado m\u00e1s elevado de trabajo colaborativo. Estas herramientas, a pesar de que se pueden emplear en la comunicaci\u00f3n de uno a uno, se abren a la comunicaci\u00f3n grupal e incluso (como veremos con Hangouts) a la difusi\u00f3n p\u00fablica.<\/p>\n","protected":false},"excerpt":{"rendered":"<p>Para cerrar este apartado, haremos una breve referencia a dos aplicaciones que adquieren un valor a\u00f1adido por sus posibilidades en el \u00e1mbito de la videoconferencia. Si bien en los casos anteriores se parte de una comunicaci\u00f3n v\u00eda texto y se reduce a una conversaci\u00f3n textual con la eventual inserci\u00f3n de medios, en estos sistemas la [&hellip;]<\/p>\n","protected":false},"author":2,"featured_media":0,"parent":0,"menu_order":0,"comment_status":"closed","ping_status":"closed","template":"","meta":[],"_links":{"self":[{"href":"http:\/\/comunicacio-xarxa.recursos.uoc.edu\/es\/wp-json\/wp\/v2\/pages\/629"}],"collection":[{"href":"http:\/\/comunicacio-xarxa.recursos.uoc.edu\/es\/wp-json\/wp\/v2\/pages"}],"about":[{"href":"http:\/\/comunicacio-xarxa.recursos.uoc.edu\/es\/wp-json\/wp\/v2\/types\/page"}],"author":[{"embeddable":true,"href":"http:\/\/comunicacio-xarxa.recursos.uoc.edu\/es\/wp-json\/wp\/v2\/users\/2"}],"replies":[{"embeddable":true,"href":"http:\/\/comunicacio-xarxa.recursos.uoc.edu\/es\/wp-json\/wp\/v2\/comments?post=629"}],"version-history":[{"count":3,"href":"http:\/\/comunicacio-xarxa.recursos.uoc.edu\/es\/wp-json\/wp\/v2\/pages\/629\/revisions"}],"predecessor-version":[{"id":632,"href":"http:\/\/comunicacio-xarxa.recursos.uoc.edu\/es\/wp-json\/wp\/v2\/pages\/629\/revisions\/632"}],"wp:attachment":[{"href":"http:\/\/comunicacio-xarxa.recursos.uoc.edu\/es\/wp-json\/wp\/v2\/media?parent=629"}],"curies":[{"name":"wp","href":"https:\/\/api.w.org\/{rel}","templated":true}]}}