{"id":621,"date":"2020-01-23T20:47:53","date_gmt":"2020-01-23T18:47:53","guid":{"rendered":"http:\/\/comunicacio-xarxa.recursos.uoc.edu\/?page_id=621"},"modified":"2020-01-24T01:46:39","modified_gmt":"2020-01-23T23:46:39","slug":"3-4-5-facebook-messenger","status":"publish","type":"page","link":"http:\/\/comunicacio-xarxa.recursos.uoc.edu\/es\/3-4-5-facebook-messenger\/","title":{"rendered":"3.4.5. Facebook Messenger"},"content":{"rendered":"<p>El sitio de redes sociales Facebook implement\u00f3 un servicio de mensajer\u00eda instant\u00e1nea para poder establecer comunicaci\u00f3n sincr\u00f3nica con las amistades. Facebook Messenger inicialmente no dispon\u00eda de aplicaci\u00f3n independiente, hasta el a\u00f1o 2011, cuando se lanz\u00f3 para dispositivos m\u00f3viles. Actualmente, ambas aplicaciones funcionan por separado. Emplea el protocolo de c\u00f3digo abierto MQTT y cuenta en la actualidad con 900 millones de usuarios activos (2016).<\/p>\n<p>Desde esta aplicaci\u00f3n, adem\u00e1s de los chats de texto, podemos hacer fotos, compartir im\u00e1genes, emoticonos, grabar audio, compartir GIF animados o nuestra ubicaci\u00f3n y conectar otras aplicaciones con funciones diversas (desde <em>stickers<\/em> personalizados hasta ficheros de Dropbox). Podemos hacer llamadas y videollamadas y crear grupos, de manera similar a las otras aplicaciones que hemos estudiado. El inter\u00e9s del Messenger de Facebook es que nos abre a la interacci\u00f3n s\u00edncrona con contactos que quiz\u00e1s no tenemos en las otras <em>app<\/em> mencionadas y que nos pueden ser \u00fatiles cuando necesitemos una respuesta \u00e1gil y r\u00e1pida.<\/p>\n<p style=\"text-align: center;\">Mensaje y opciones del Facebook Messenger (iPad)<\/p>\n<p><img loading=\"lazy\" class=\"aligncenter size-full wp-image-555\" src=\"\/wp-content\/uploads\/2020\/01\/20.105_022.jpg\" alt=\"\" width=\"640\" height=\"122\" srcset=\"\/wp-content\/uploads\/2020\/01\/20.105_022.jpg 640w, \/wp-content\/uploads\/2020\/01\/20.105_022-300x57.jpg 300w\" sizes=\"(max-width: 640px) 100vw, 640px\" \/><\/p>\n","protected":false},"excerpt":{"rendered":"<p>El sitio de redes sociales Facebook implement\u00f3 un servicio de mensajer\u00eda instant\u00e1nea para poder establecer comunicaci\u00f3n sincr\u00f3nica con las amistades. Facebook Messenger inicialmente no dispon\u00eda de aplicaci\u00f3n independiente, hasta el a\u00f1o 2011, cuando se lanz\u00f3 para dispositivos m\u00f3viles. Actualmente, ambas aplicaciones funcionan por separado. Emplea el protocolo de c\u00f3digo abierto MQTT y cuenta en la [&hellip;]<\/p>\n","protected":false},"author":2,"featured_media":0,"parent":0,"menu_order":0,"comment_status":"closed","ping_status":"closed","template":"","meta":[],"_links":{"self":[{"href":"http:\/\/comunicacio-xarxa.recursos.uoc.edu\/es\/wp-json\/wp\/v2\/pages\/621"}],"collection":[{"href":"http:\/\/comunicacio-xarxa.recursos.uoc.edu\/es\/wp-json\/wp\/v2\/pages"}],"about":[{"href":"http:\/\/comunicacio-xarxa.recursos.uoc.edu\/es\/wp-json\/wp\/v2\/types\/page"}],"author":[{"embeddable":true,"href":"http:\/\/comunicacio-xarxa.recursos.uoc.edu\/es\/wp-json\/wp\/v2\/users\/2"}],"replies":[{"embeddable":true,"href":"http:\/\/comunicacio-xarxa.recursos.uoc.edu\/es\/wp-json\/wp\/v2\/comments?post=621"}],"version-history":[{"count":6,"href":"http:\/\/comunicacio-xarxa.recursos.uoc.edu\/es\/wp-json\/wp\/v2\/pages\/621\/revisions"}],"predecessor-version":[{"id":855,"href":"http:\/\/comunicacio-xarxa.recursos.uoc.edu\/es\/wp-json\/wp\/v2\/pages\/621\/revisions\/855"}],"wp:attachment":[{"href":"http:\/\/comunicacio-xarxa.recursos.uoc.edu\/es\/wp-json\/wp\/v2\/media?parent=621"}],"curies":[{"name":"wp","href":"https:\/\/api.w.org\/{rel}","templated":true}]}}