{"id":615,"date":"2020-01-23T20:41:26","date_gmt":"2020-01-23T18:41:26","guid":{"rendered":"http:\/\/comunicacio-xarxa.recursos.uoc.edu\/?page_id=615"},"modified":"2020-01-24T01:45:15","modified_gmt":"2020-01-23T23:45:15","slug":"3-4-4-telegram","status":"publish","type":"page","link":"http:\/\/comunicacio-xarxa.recursos.uoc.edu\/es\/3-4-4-telegram\/","title":{"rendered":"3.4.4. Telegram"},"content":{"rendered":"<p>Telegram Messenger es tambi\u00e9n un servicio de mensajer\u00eda por Internet que se presenta como una alternativa a WhatsApp y que posee rasgos distintivos que hay que tener presentes para nuestra estrategia comunicativa. Fue creado por Nikolai y Pavel Durov en 2013 y, a pesar de que inicialmente se emple\u00f3 \u00fanicamente para telefon\u00eda m\u00f3vil, muy pronto se convirti\u00f3 en un servicio multiplataforma, que se puede utilizar de manera independiente en tel\u00e9fonos inteligentes, tabletas y ordenadores (Windows, Mac OS X y Linux). Esta es una ventaja respecto a WhatsApp, en que la dependencia con el dispositivo es total. Utiliza una arquitectura propia, denominada MTProto (desarrollada bajo un est\u00e1ndar abierto y que emplea la computaci\u00f3n en la nube) y, aunque se encuentra lejos de su competidor, el n\u00famero de usuarios ha ido creciendo hasta situarse en los 100 millones (2016).<\/p>\n<p style=\"text-align: center;\">Opciones de instalaci\u00f3n de Telegram para escritorio<\/p>\n<p><img loading=\"lazy\" class=\"aligncenter wp-image-80 size-medium\" src=\"\/wp-content\/uploads\/2020\/01\/20.005_018-300x270.jpg\" alt=\"\" width=\"300\" height=\"270\" srcset=\"\/wp-content\/uploads\/2020\/01\/20.005_018-300x270.jpg 300w, \/wp-content\/uploads\/2020\/01\/20.005_018.jpg 640w\" sizes=\"(max-width: 300px) 100vw, 300px\" \/><\/p>\n<p>El funcionamiento es similar al de WhatsApp y tambi\u00e9n permite compartir medios: documentos, notas de audio, im\u00e1genes, v\u00eddeos, GIF animados, ubicaci\u00f3n y contactos. Tambi\u00e9n gestiona grupos e incluye el chat secreto, con los mensajes cifrados de dispositivo a dispositivo y con la imposibilidad de ser reenviados. De Telegram destacar\u00edamos dos aspectos genuinos de la aplicaci\u00f3n:<\/p>\n<ul>\n<li>Creaci\u00f3n de canales: los canales son cuentas de usuario que, por separado, nos ayudan a difundir contenido, enviando mensajes a un gran n\u00famero de usuarios a trav\u00e9s de suscripci\u00f3n. Un ejemplo es el de la Generalitat de Catalunya, desde el cual se dan a conocer noticias que incluyen elementos multimedia y enlaces. Desde nuestra cuenta podemos crear un canal sobre cualquier tema de inter\u00e9s, que podemos promocionar a trav\u00e9s de un enlace compartido. Los mensajes publicados tienen un contador de visualizaciones.<\/li>\n<\/ul>\n<p style=\"text-align: center;\">Mensaje difundido por el canal de la Generalitat de Catalunya<\/p>\n<p><img loading=\"lazy\" class=\"size-medium wp-image-82 aligncenter\" src=\"\/wp-content\/uploads\/2020\/01\/20.005_019-240x300.jpg\" alt=\"\" width=\"240\" height=\"300\" srcset=\"\/wp-content\/uploads\/2020\/01\/20.005_019-240x300.jpg 240w, \/wp-content\/uploads\/2020\/01\/20.005_019.jpg 511w\" sizes=\"(max-width: 240px) 100vw, 240px\" \/><\/p>\n<ul>\n<li>Edici\u00f3n de mensajes: desde mayo de 2016, la aplicaci\u00f3n incluye la opci\u00f3n para editar los mensajes, muy \u00fatil si en el mensaje hemos detectado alg\u00fan error o si nos hemos precipitado en el momento de enviarlo. Aparece el texto <em>edited<\/em> para informar de que se ha llevado a cabo una edici\u00f3n del texto.<\/li>\n<\/ul>\n<p style=\"text-align: center;\">Edici\u00f3n de texto en el Telegram (iPad)<\/p>\n<p><img loading=\"lazy\" class=\"aligncenter size-full wp-image-551\" src=\"\/wp-content\/uploads\/2020\/01\/20.105_020.jpg\" alt=\"\" width=\"640\" height=\"132\" srcset=\"\/wp-content\/uploads\/2020\/01\/20.105_020.jpg 640w, \/wp-content\/uploads\/2020\/01\/20.105_020-300x62.jpg 300w\" sizes=\"(max-width: 640px) 100vw, 640px\" \/><\/p>\n<p><img loading=\"lazy\" class=\"aligncenter size-full wp-image-553\" src=\"\/wp-content\/uploads\/2020\/01\/20.105_021.jpg\" alt=\"\" width=\"640\" height=\"69\" srcset=\"\/wp-content\/uploads\/2020\/01\/20.105_021.jpg 640w, \/wp-content\/uploads\/2020\/01\/20.105_021-300x32.jpg 300w\" sizes=\"(max-width: 640px) 100vw, 640px\" \/><\/p>\n<p>Las marcas de verificaci\u00f3n son un poco diferentes que en el WhatsApp: una \u00fanica marca es cuando el mensaje ha sido enviado a la nube, la segunda es cuando ya ha sido le\u00eddo.<\/p>\n<p>De modo semejante a Twitter, podemos destacar contenidos que se puedan buscar a trav\u00e9s de <em>hashtags<\/em> (#).<\/p>\n<p>Telegram es una aplicaci\u00f3n sumamente r\u00e1pida que presenta muchas ventajas respecto al WhatsApp, salvo la opci\u00f3n de generar un archivo con todos los chats, que tendremos que sustituir por una copia manual del contenido que queramos guardar.<\/p>\n","protected":false},"excerpt":{"rendered":"<p>Telegram Messenger es tambi\u00e9n un servicio de mensajer\u00eda por Internet que se presenta como una alternativa a WhatsApp y que posee rasgos distintivos que hay que tener presentes para nuestra estrategia comunicativa. Fue creado por Nikolai y Pavel Durov en 2013 y, a pesar de que inicialmente se emple\u00f3 \u00fanicamente para telefon\u00eda m\u00f3vil, muy pronto [&hellip;]<\/p>\n","protected":false},"author":2,"featured_media":0,"parent":0,"menu_order":0,"comment_status":"closed","ping_status":"closed","template":"","meta":[],"_links":{"self":[{"href":"http:\/\/comunicacio-xarxa.recursos.uoc.edu\/es\/wp-json\/wp\/v2\/pages\/615"}],"collection":[{"href":"http:\/\/comunicacio-xarxa.recursos.uoc.edu\/es\/wp-json\/wp\/v2\/pages"}],"about":[{"href":"http:\/\/comunicacio-xarxa.recursos.uoc.edu\/es\/wp-json\/wp\/v2\/types\/page"}],"author":[{"embeddable":true,"href":"http:\/\/comunicacio-xarxa.recursos.uoc.edu\/es\/wp-json\/wp\/v2\/users\/2"}],"replies":[{"embeddable":true,"href":"http:\/\/comunicacio-xarxa.recursos.uoc.edu\/es\/wp-json\/wp\/v2\/comments?post=615"}],"version-history":[{"count":5,"href":"http:\/\/comunicacio-xarxa.recursos.uoc.edu\/es\/wp-json\/wp\/v2\/pages\/615\/revisions"}],"predecessor-version":[{"id":854,"href":"http:\/\/comunicacio-xarxa.recursos.uoc.edu\/es\/wp-json\/wp\/v2\/pages\/615\/revisions\/854"}],"wp:attachment":[{"href":"http:\/\/comunicacio-xarxa.recursos.uoc.edu\/es\/wp-json\/wp\/v2\/media?parent=615"}],"curies":[{"name":"wp","href":"https:\/\/api.w.org\/{rel}","templated":true}]}}