{"id":602,"date":"2020-01-23T16:29:09","date_gmt":"2020-01-23T14:29:09","guid":{"rendered":"http:\/\/comunicacio-xarxa.recursos.uoc.edu\/?page_id=602"},"modified":"2020-02-18T14:57:07","modified_gmt":"2020-02-18T12:57:07","slug":"3-4-2-sms-servicio-de-mensajes-cortos","status":"publish","type":"page","link":"http:\/\/comunicacio-xarxa.recursos.uoc.edu\/es\/3-4-2-sms-servicio-de-mensajes-cortos\/","title":{"rendered":"3.4.2. SMS (servicio de mensajes cortos)"},"content":{"rendered":"<p>En este apartado tambi\u00e9n analizaremos los <a href=\"javascript:void(0)\u037e\" class=\"tooltip\" data-toggle=\"popover\" data-placement=\"bottom\" data-content=\"Abreviatura de <em>Short Message Service<\/em>, servicio de mensajes cortos.\" data-placement=\"top\" data-html=\"true\" >SMS<\/a>, un sistema que permite enviar mensajes de texto breves entre tel\u00e9fonos m\u00f3viles y que se desarroll\u00f3 sobre todo en la \u00e9poca anterior a los smartphones. Actualmente se ha reducido bastante su uso, vincul\u00e1ndose a estrategias publicitarias (recordemos que es un servicio habitualmente de pago). Los MMS o mensajes multimedia permiten enviar tambi\u00e9n sonido, im\u00e1genes o v\u00eddeo.<\/p>\n<p style=\"text-align: center;\">Ejemplo de SMS en un <em>smartphone<\/em> Samsung<\/p>\n<p><img loading=\"lazy\" class=\"aligncenter wp-image-543 size-medium\" src=\"\/wp-content\/uploads\/2020\/01\/20.105_013-300x164.jpg\" alt=\"\" width=\"300\" height=\"164\" srcset=\"\/wp-content\/uploads\/2020\/01\/20.105_013-300x164.jpg 300w, \/wp-content\/uploads\/2020\/01\/20.105_013.jpg 640w\" sizes=\"(max-width: 300px) 100vw, 300px\" \/><\/p>\n<p>Ha sido una herramienta de movilizaci\u00f3n y ciberactivismo muy destacada antes de la eclosi\u00f3n de los sitios de redes sociales. Nos lo recuerda Sanabre, a prop\u00f3sito de las consecuencias de los atentados del 11 de marzo de 2004:<\/p>\n<blockquote><p>\u00abEn Espa\u00f1a el poder del ciberactivismo se revel\u00f3 despu\u00e9s del atentado terrorista del 11-M en la estaci\u00f3n de trenes de Atocha en Madrid. Convocadas mediante el m\u00f3vil, el 11 de marzo del 2004 unas 5.000 personas se concentraron espont\u00e1neamente, desde las seis de la tarde, ante la sede del Partido Popular (PP) en Madrid. Los manifestantes lanzaban consignas contra la manipulaci\u00f3n medi\u00e1tica y preguntaban: \u00ab\u00bfQui\u00e9n ha sido?\u00bb. Las personas reunidas en la calle G\u00e9nova se pusieron en contacto mediante mensajes de tel\u00e9fono m\u00f3vil y chats de Internet en los cuales se convocaba a una \u00abconcentraci\u00f3n sin partidos\u00bb. Sin duda, sin los medios digitales, este movimiento social no habr\u00eda sido nunca posible con tal celeridad y con tanto impacto\u00bb.<\/p><\/blockquote>\n<div class=\"blockquote-author\"><p>(Sanabre, 2014, m\u00f3dulo 2, p\u00e1g. 69)<\/p>\n<\/div>\n<p>Los SMS, que en la actualidad han perdido mucha influencia, fueron decisivos antes de la era de las redes sociales. Su potencia comunicativa es limitada y se vincula al uso del tel\u00e9fono m\u00f3vil, aunque en el marketing m\u00f3vil parece que ha encontrado su lugar.<\/p>\n<div class=\"featured featured-grey\"><p><strong>Enlace recomendado<\/strong><\/p>\n<p><strong>\u00ab<\/strong>Los SMS resucitan como herramienta de marketing\u00bb.\u00a0<em>El Mundo<\/em>, 16 abril 2015. &lt;<a href=\"https:\/\/www.elmundo.es\/economia\/2015\/04\/16\/552ea4a2e2704e542e8b456c.html\" target=\"_blank\" rel=\"noopener noreferrer\">https:\/\/www.elmundo.es\/economia\/2015\/04\/16\/552ea4a2e2704e542e8b456c.html<\/a>&gt;.<\/p>\n<\/div>\n<p>&nbsp;<\/p>\n","protected":false},"excerpt":{"rendered":"<p>En este apartado tambi\u00e9n analizaremos los , un sistema que permite enviar mensajes de texto breves entre tel\u00e9fonos m\u00f3viles y que se desarroll\u00f3 sobre todo en la \u00e9poca anterior a los smartphones. Actualmente se ha reducido bastante su uso, vincul\u00e1ndose a estrategias publicitarias (recordemos que es un servicio habitualmente de pago). Los MMS o mensajes [&hellip;]<\/p>\n","protected":false},"author":2,"featured_media":0,"parent":0,"menu_order":0,"comment_status":"closed","ping_status":"closed","template":"","meta":[],"_links":{"self":[{"href":"http:\/\/comunicacio-xarxa.recursos.uoc.edu\/es\/wp-json\/wp\/v2\/pages\/602"}],"collection":[{"href":"http:\/\/comunicacio-xarxa.recursos.uoc.edu\/es\/wp-json\/wp\/v2\/pages"}],"about":[{"href":"http:\/\/comunicacio-xarxa.recursos.uoc.edu\/es\/wp-json\/wp\/v2\/types\/page"}],"author":[{"embeddable":true,"href":"http:\/\/comunicacio-xarxa.recursos.uoc.edu\/es\/wp-json\/wp\/v2\/users\/2"}],"replies":[{"embeddable":true,"href":"http:\/\/comunicacio-xarxa.recursos.uoc.edu\/es\/wp-json\/wp\/v2\/comments?post=602"}],"version-history":[{"count":11,"href":"http:\/\/comunicacio-xarxa.recursos.uoc.edu\/es\/wp-json\/wp\/v2\/pages\/602\/revisions"}],"predecessor-version":[{"id":1114,"href":"http:\/\/comunicacio-xarxa.recursos.uoc.edu\/es\/wp-json\/wp\/v2\/pages\/602\/revisions\/1114"}],"wp:attachment":[{"href":"http:\/\/comunicacio-xarxa.recursos.uoc.edu\/es\/wp-json\/wp\/v2\/media?parent=602"}],"curies":[{"name":"wp","href":"https:\/\/api.w.org\/{rel}","templated":true}]}}