{"id":572,"date":"2020-01-23T15:55:34","date_gmt":"2020-01-23T13:55:34","guid":{"rendered":"http:\/\/comunicacio-xarxa.recursos.uoc.edu\/?page_id=572"},"modified":"2020-01-24T01:25:10","modified_gmt":"2020-01-23T23:25:10","slug":"3-1-introduccion","status":"publish","type":"page","link":"http:\/\/comunicacio-xarxa.recursos.uoc.edu\/es\/3-1-introduccion\/","title":{"rendered":"3.1. Introducci\u00f3n"},"content":{"rendered":"<p>En los procesos de comunicaci\u00f3n que llevamos a cabo en la Red se pueden establecer diferentes estrategias, de las cuales se derivar\u00e1 un buen uso de las herramientas que tenemos a nuestro alcance. En primer lugar, analizaremos las estrategias de comunicaci\u00f3n personal, que son aquellas que se relacionan con los mensajes que enviamos o recibimos de otras personas y en los cuales no se explicitan los v\u00ednculos sociales: pueden ser formas de comunicaci\u00f3n de uno a uno o de uno a muchos pero que, originariamente, sirvieron para establecer una comunicaci\u00f3n directa con otra persona. Como ejemplos, tenemos el correo electr\u00f3nico (de largo recorrido en la historia de Internet) o los sistemas de mensajer\u00eda electr\u00f3nica (el WhatsApp ser\u00eda el m\u00e1s utilizado). El correo es electr\u00f3nico un sistema asincr\u00f3nico, es decir, que no hace falta coincidir en el tiempo, mientras que la mensajer\u00eda tiende a la sincron\u00eda, a pesar de que estas distinciones, en la actualidad, parecen haber quedado obsoletas dada la complejidad del ecosistema de aplicaciones que empleamos cada d\u00eda. A lo largo de este apartado, adem\u00e1s de las estrategias, incidiremos en las aplicaciones m\u00e1s habituales.<\/p>\n","protected":false},"excerpt":{"rendered":"<p>En los procesos de comunicaci\u00f3n que llevamos a cabo en la Red se pueden establecer diferentes estrategias, de las cuales se derivar\u00e1 un buen uso de las herramientas que tenemos a nuestro alcance. En primer lugar, analizaremos las estrategias de comunicaci\u00f3n personal, que son aquellas que se relacionan con los mensajes que enviamos o recibimos [&hellip;]<\/p>\n","protected":false},"author":2,"featured_media":0,"parent":0,"menu_order":0,"comment_status":"closed","ping_status":"closed","template":"","meta":[],"_links":{"self":[{"href":"http:\/\/comunicacio-xarxa.recursos.uoc.edu\/es\/wp-json\/wp\/v2\/pages\/572"}],"collection":[{"href":"http:\/\/comunicacio-xarxa.recursos.uoc.edu\/es\/wp-json\/wp\/v2\/pages"}],"about":[{"href":"http:\/\/comunicacio-xarxa.recursos.uoc.edu\/es\/wp-json\/wp\/v2\/types\/page"}],"author":[{"embeddable":true,"href":"http:\/\/comunicacio-xarxa.recursos.uoc.edu\/es\/wp-json\/wp\/v2\/users\/2"}],"replies":[{"embeddable":true,"href":"http:\/\/comunicacio-xarxa.recursos.uoc.edu\/es\/wp-json\/wp\/v2\/comments?post=572"}],"version-history":[{"count":7,"href":"http:\/\/comunicacio-xarxa.recursos.uoc.edu\/es\/wp-json\/wp\/v2\/pages\/572\/revisions"}],"predecessor-version":[{"id":848,"href":"http:\/\/comunicacio-xarxa.recursos.uoc.edu\/es\/wp-json\/wp\/v2\/pages\/572\/revisions\/848"}],"wp:attachment":[{"href":"http:\/\/comunicacio-xarxa.recursos.uoc.edu\/es\/wp-json\/wp\/v2\/media?parent=572"}],"curies":[{"name":"wp","href":"https:\/\/api.w.org\/{rel}","templated":true}]}}