{"id":525,"date":"2020-01-23T15:47:15","date_gmt":"2020-01-23T13:47:15","guid":{"rendered":"http:\/\/comunicacio-xarxa.recursos.uoc.edu\/?page_id=525"},"modified":"2020-02-14T11:08:25","modified_gmt":"2020-02-14T09:08:25","slug":"2-4-3-mas-alla-de-la-web-2-0","status":"publish","type":"page","link":"http:\/\/comunicacio-xarxa.recursos.uoc.edu\/es\/2-4-3-mas-alla-de-la-web-2-0\/","title":{"rendered":"2.4.3. M\u00e1s all\u00e1 de la Web 2.0"},"content":{"rendered":"<p>La evoluci\u00f3n de la Web nos llevar\u00e1 a lo que muchos expertos han denominado Web 3.0 o Web sem\u00e1ntica, que tendr\u00eda que llevar m\u00e1s lejos el control por parte del usuario, facilitando el acceso de las personas a la informaci\u00f3n desde cualquier dispositivo. Las p\u00e1ginas web tienen que ser m\u00e1s comprensibles para las m\u00e1quinas y as\u00ed estas podr\u00e1n realizar diferentes acciones estandarizadas. A trav\u00e9s de los metadatos, las b\u00fasquedas ser\u00e1n m\u00e1s eficientes y podremos obtener respuestas inteligentes por parte de las m\u00e1quinas.<\/p>\n<p style=\"text-align: center;\">Siri, asistente personal de Apple<\/p>\n<figure id=\"attachment_56\" aria-describedby=\"caption-attachment-56\" style=\"width: 150px\" class=\"wp-caption aligncenter\"><img loading=\"lazy\" class=\"wp-image-56 size-thumbnail\" src=\"\/wp-content\/uploads\/2020\/01\/20.005_006-150x150.jpg\" alt=\"\" width=\"150\" height=\"150\" srcset=\"\/wp-content\/uploads\/2020\/01\/20.005_006-150x150.jpg 150w, \/wp-content\/uploads\/2020\/01\/20.005_006-300x300.jpg 300w, \/wp-content\/uploads\/2020\/01\/20.005_006.jpg 640w\" sizes=\"(max-width: 150px) 100vw, 150px\" \/><figcaption id=\"caption-attachment-56\" class=\"wp-caption-text\">Fuente: &lt;<a href=\"https:\/\/www.flickr.com\/photos\/topgold\/6965684863\" target=\"_blank\" rel=\"noopener noreferrer\">https:\/\/www.flickr.com\/photos\/topgold\/6965684863<\/a>&gt;.<\/figcaption><\/figure>\n<p>Asimismo, asistimos a una mejora del <em>software<\/em> de inteligencia artificial, como los asistentes personales que se integran en los tel\u00e9fonos inteligentes y las tabletas. Un ejemplo es Siri, de Apple, que procesa el lenguaje natural para responder preguntas y hacer recomendaciones. Incluso puede personalizar las b\u00fasquedas web y adaptarse a las preferencias de cada usuario. Tambi\u00e9n lo podemos ver en los teclados predictivos, que van aprendiendo en funci\u00f3n de las rutinas de uso. El aprendizaje por parte de las m\u00e1quinas es, pues, el siguiente reto. Con el Internet de las Cosas, la posibilidad de interconexi\u00f3n entre los objetos de nuestra vida cotidiana nos ofrecer\u00e1 nuevas formas de procesar la informaci\u00f3n y de facilitar nuestro bienestar.<\/p>\n<div class=\"featured featured-blue\"><p><strong>V\u00eddeo recomendado<\/strong><\/p>\n<p><iframe loading=\"lazy\" title=\"El futuro de las telecomunicaciones: el 5G y el internet de las cosas\" width=\"640\" height=\"360\" src=\"https:\/\/www.youtube.com\/embed\/in2i0py8aC4?feature=oembed\" frameborder=\"0\" allow=\"accelerometer; autoplay; encrypted-media; gyroscope; picture-in-picture\" allowfullscreen><\/iframe><\/p>\n<div class=\"tablefooter\"><p>Garrigues, C. (2016). <em>El futuro de las telecomunicaciones: el 5G y el Internet de las Cosas<\/em>. UOC.<\/p>\n<\/div>\n<\/div>\n<p>&nbsp;<\/p>\n","protected":false},"excerpt":{"rendered":"<p>La evoluci\u00f3n de la Web nos llevar\u00e1 a lo que muchos expertos han denominado Web 3.0 o Web sem\u00e1ntica, que tendr\u00eda que llevar m\u00e1s lejos el control por parte del usuario, facilitando el acceso de las personas a la informaci\u00f3n desde cualquier dispositivo. Las p\u00e1ginas web tienen que ser m\u00e1s comprensibles para las m\u00e1quinas y [&hellip;]<\/p>\n","protected":false},"author":2,"featured_media":0,"parent":0,"menu_order":0,"comment_status":"closed","ping_status":"closed","template":"","meta":[],"_links":{"self":[{"href":"http:\/\/comunicacio-xarxa.recursos.uoc.edu\/es\/wp-json\/wp\/v2\/pages\/525"}],"collection":[{"href":"http:\/\/comunicacio-xarxa.recursos.uoc.edu\/es\/wp-json\/wp\/v2\/pages"}],"about":[{"href":"http:\/\/comunicacio-xarxa.recursos.uoc.edu\/es\/wp-json\/wp\/v2\/types\/page"}],"author":[{"embeddable":true,"href":"http:\/\/comunicacio-xarxa.recursos.uoc.edu\/es\/wp-json\/wp\/v2\/users\/2"}],"replies":[{"embeddable":true,"href":"http:\/\/comunicacio-xarxa.recursos.uoc.edu\/es\/wp-json\/wp\/v2\/comments?post=525"}],"version-history":[{"count":8,"href":"http:\/\/comunicacio-xarxa.recursos.uoc.edu\/es\/wp-json\/wp\/v2\/pages\/525\/revisions"}],"predecessor-version":[{"id":1110,"href":"http:\/\/comunicacio-xarxa.recursos.uoc.edu\/es\/wp-json\/wp\/v2\/pages\/525\/revisions\/1110"}],"wp:attachment":[{"href":"http:\/\/comunicacio-xarxa.recursos.uoc.edu\/es\/wp-json\/wp\/v2\/media?parent=525"}],"curies":[{"name":"wp","href":"https:\/\/api.w.org\/{rel}","templated":true}]}}