{"id":518,"date":"2020-01-23T15:44:03","date_gmt":"2020-01-23T13:44:03","guid":{"rendered":"http:\/\/comunicacio-xarxa.recursos.uoc.edu\/?page_id=518"},"modified":"2020-01-24T00:31:12","modified_gmt":"2020-01-23T22:31:12","slug":"2-4-2-entre-la-web-1-0-y-la-web-2-0","status":"publish","type":"page","link":"http:\/\/comunicacio-xarxa.recursos.uoc.edu\/es\/2-4-2-entre-la-web-1-0-y-la-web-2-0\/","title":{"rendered":"2.4.2. Entre la Web 1.0 y la Web 2.0"},"content":{"rendered":"<p>La llegada de la Web 2.0 ha supuesto un cambio de paradigma en la concepci\u00f3n de la Red que implica el tr\u00e1nsito <strong>de la Web de los datos a la de las personas<\/strong>, un escenario de interacci\u00f3n entre las herramientas y las aplicaciones, por un lado, y la manera en que nos comunicamos y nos relacionamos, por otro. De igual modo, es el paso de las p\u00e1ginas exclusivamente de lectura a aquellas en las que se combina la lectura con la escritura, de acuerdo con el concepto de <strong>autopublicaci\u00f3n en web<\/strong>, propio de los blogs, los wikis, el <em>microblogging<\/em> y las redes sociales.<\/p>\n<p>Uno de los cambios m\u00e1s remarcables es la mutaci\u00f3n que se produce en los sitios web personales, que evolucionan desde las p\u00e1ginas tradicionales, est\u00e1ticas y poco actualizadas, a los blogs, p\u00e1ginas din\u00e1micas organizadas cronol\u00f3gicamente y que admiten comentarios, y a los sitios de redes sociales, que integran este dinamismo con la incorporaci\u00f3n de nuevas herramientas en una misma plataforma.<\/p>\n<p>El <strong>paso de la publicaci\u00f3n a la participaci\u00f3n<\/strong> es tambi\u00e9n digno de menci\u00f3n, as\u00ed como la aparici\u00f3n de los wikis como herramientas que hacen posible la modificaci\u00f3n perpetua por parte de los usuarios (Wikipedia). Otras novedades son las comunidades fotogr\u00e1ficas (Flickr, Pinterest), que funcionan de manera parecida a los blogs (con sindicaci\u00f3n de contenidos, de tal manera que se pueden leer a trav\u00e9s de programas lectores de fuentes RSS) o los marcadores sociales, donde se ordenan las p\u00e1ginas preferidas a trav\u00e9s de un sistema de folcsonom\u00eda (Delicious, Diigo).<\/p>\n","protected":false},"excerpt":{"rendered":"<p>La llegada de la Web 2.0 ha supuesto un cambio de paradigma en la concepci\u00f3n de la Red que implica el tr\u00e1nsito de la Web de los datos a la de las personas, un escenario de interacci\u00f3n entre las herramientas y las aplicaciones, por un lado, y la manera en que nos comunicamos y nos [&hellip;]<\/p>\n","protected":false},"author":2,"featured_media":0,"parent":0,"menu_order":0,"comment_status":"closed","ping_status":"closed","template":"","meta":[],"_links":{"self":[{"href":"http:\/\/comunicacio-xarxa.recursos.uoc.edu\/es\/wp-json\/wp\/v2\/pages\/518"}],"collection":[{"href":"http:\/\/comunicacio-xarxa.recursos.uoc.edu\/es\/wp-json\/wp\/v2\/pages"}],"about":[{"href":"http:\/\/comunicacio-xarxa.recursos.uoc.edu\/es\/wp-json\/wp\/v2\/types\/page"}],"author":[{"embeddable":true,"href":"http:\/\/comunicacio-xarxa.recursos.uoc.edu\/es\/wp-json\/wp\/v2\/users\/2"}],"replies":[{"embeddable":true,"href":"http:\/\/comunicacio-xarxa.recursos.uoc.edu\/es\/wp-json\/wp\/v2\/comments?post=518"}],"version-history":[{"count":6,"href":"http:\/\/comunicacio-xarxa.recursos.uoc.edu\/es\/wp-json\/wp\/v2\/pages\/518\/revisions"}],"predecessor-version":[{"id":823,"href":"http:\/\/comunicacio-xarxa.recursos.uoc.edu\/es\/wp-json\/wp\/v2\/pages\/518\/revisions\/823"}],"wp:attachment":[{"href":"http:\/\/comunicacio-xarxa.recursos.uoc.edu\/es\/wp-json\/wp\/v2\/media?parent=518"}],"curies":[{"name":"wp","href":"https:\/\/api.w.org\/{rel}","templated":true}]}}