{"id":510,"date":"2020-01-23T15:35:22","date_gmt":"2020-01-23T13:35:22","guid":{"rendered":"http:\/\/comunicacio-xarxa.recursos.uoc.edu\/?page_id=510"},"modified":"2020-02-14T11:10:08","modified_gmt":"2020-02-14T09:10:08","slug":"2-4-1-introduccion","status":"publish","type":"page","link":"http:\/\/comunicacio-xarxa.recursos.uoc.edu\/es\/2-4-1-introduccion\/","title":{"rendered":"2.4.1. Introducci\u00f3n"},"content":{"rendered":"<p>En los \u00faltimos a\u00f1os se ha hablado mucho de la denominaci\u00f3n <strong>Web 2.0<\/strong>, una evoluci\u00f3n de las aplicaciones de Internet desde su configuraci\u00f3n tradicional hasta nuevas aplicaciones centradas en el usuario. Esta actitud ha dado lugar a un nuevo paradigma en la comprensi\u00f3n de la Red, entendida como una constelaci\u00f3n de tecnolog\u00edas plurales. El paso de los datos a las personas, por medio del <em>software<\/em> social, ha favorecido una din\u00e1mica colaborativa que se inici\u00f3 con los blogs y los wikis, pero que se ha ampliado con el <em>podcast<\/em>, el <em>videopodcast<\/em>, los marcadores sociales, el <em>microblogging<\/em> y las redes sociales<\/p>\n<p>La expresi\u00f3n Web 2.0 naci\u00f3 en una lluvia de ideas realizada en 2004 entre Dale Dougherty (O&#8217;Reilly Media) y Craig Cline (MediaLive). Diagnosticando la World Wide Web (WWW), comprobaron que, despu\u00e9s del descalabro de las empresas punto.com, estaban apareciendo nuevas aplicaciones basadas en p\u00e1ginas web din\u00e1micas que pon\u00edan \u00e9nfasis en la interacci\u00f3n y los v\u00ednculos sociales. A partir de ah\u00ed se dedujeron unos principios que sirven para entender mejor lo que algunos han considerado un cambio de paradigma:<\/p>\n<ul>\n<li><strong>La Web como plataforma<\/strong>: muchos servicios dejan de ser aplicaciones cerradas en el ordenador personal (aplicaciones de escritorio) para ser utilizados desde cualquier lugar (un ejemplo del primer tipo podr\u00eda ser Office de Microsoft y uno del segundo Google Docs de Google Drive, que hacen posible compartir documentos ofim\u00e1ticos sin necesidad de guardarlos en local y favorecen el trabajo colaborativo). El valor del <em>software<\/em> es proporcional a los datos que ayuda a gestionar. En todo momento la plataforma supera la aplicaci\u00f3n.<\/li>\n<li><strong>La Web como expresi\u00f3n de la inteligencia colectiva<\/strong>: los usuarios editan y publican contenido, que es enlazado por otros usuarios, creando una red de interrelaciones que crece como consecuencia de la tarea colaborativa (es casi un organismo con sus propias leyes, por ejemplo, la blogosfera, aut\u00e9ntico ecosistema informacional).<\/li>\n<li><strong>La Web como una arquitectura de participaci\u00f3n<\/strong>: la Web ya no depende de la iniciativa de las grandes organizaciones, sino de la actividad colectiva de los usuarios. Como ejemplo, la Wikipedia, una enciclopedia que puede ser mejorada por los internautas a partir de la herramienta wiki y que ha sustituido como referente a servicios como la Britannica Online. Los contenidos ya no se clasifican con la t\u00edpica divisi\u00f3n en categor\u00edas taxon\u00f3micas, sino en un estilo de clasificaci\u00f3n basado en la elecci\u00f3n libre de las palabras clave mediante etiquetas (folcsonom\u00eda, propia de los sistemas de etiquetado social como Delicious o Diigo).<\/li>\n<li><strong>La Web como sistema descentralizado<\/strong>: la Web 2.0 pone \u00e9nfasis en el poder colectivo de los sitios web peque\u00f1os, puesto que estos constituyen la mayor parte del contenido del ciberespacio. La gesti\u00f3n colaborativa de la informaci\u00f3n permite que esta llegue no solo al centro, sino tambi\u00e9n a los extremos. Por ejemplo, el servicio de transferencia de archivos BitTorrent no podr\u00eda funcionar sin un uso masivo por parte de la gente.<\/li>\n<\/ul>\n<p>La <strong>Web 2.0<\/strong> implica, pues, el cambio de un sistema r\u00edgido de aplicaciones de escritorio focalizado en la informaci\u00f3n distribuida por servicios centralizados a un sistema flexible de aplicaciones web distribuidas por servicios descentralizados centrados en el usuario y su colaboraci\u00f3n con otros usuarios en la creaci\u00f3n de contenidos y en la interacci\u00f3n social. La innovaci\u00f3n no estar\u00e1 \u00fanicamente al servicio de los grandes desarrolladores, sino incluso de los mismos usuarios, ya que los productos se actualizan continuamente, se encuentran en <strong>permanente fase beta<\/strong> (o <em>beta perpetuo<\/em>).<\/p>\n<p style=\"text-align: center;\">Fundaci\u00f3n Orange (2007). Mapa visual de la Web 2.0<\/p>\n<figure id=\"attachment_52\" aria-describedby=\"caption-attachment-52\" style=\"width: 640px\" class=\"wp-caption aligncenter\"><img loading=\"lazy\" class=\"wp-image-52 size-full\" src=\"\/wp-content\/uploads\/2020\/01\/20.005_004.jpg\" alt=\"\" width=\"640\" height=\"456\" srcset=\"\/wp-content\/uploads\/2020\/01\/20.005_004.jpg 640w, \/wp-content\/uploads\/2020\/01\/20.005_004-300x214.jpg 300w\" sizes=\"(max-width: 640px) 100vw, 640px\" \/><figcaption id=\"caption-attachment-52\" class=\"wp-caption-text\">Fuente: &lt;<a href=\"http:\/\/www.internality.com\/web20\/\" target=\"_blank\" rel=\"noopener noreferrer\">http:\/\/www.internality.com\/web20\/<\/a>&gt;.<\/figcaption><\/figure>\n<p>&nbsp;<\/p>\n<p><img loading=\"lazy\" class=\"wp-image-54 size-full aligncenter\" src=\"\/wp-content\/uploads\/2020\/01\/20.005_005.jpg\" alt=\"\" width=\"640\" height=\"405\" srcset=\"\/wp-content\/uploads\/2020\/01\/20.005_005.jpg 640w, \/wp-content\/uploads\/2020\/01\/20.005_005-300x190.jpg 300w\" sizes=\"(max-width: 640px) 100vw, 640px\" \/><\/p>\n","protected":false},"excerpt":{"rendered":"<p>En los \u00faltimos a\u00f1os se ha hablado mucho de la denominaci\u00f3n Web 2.0, una evoluci\u00f3n de las aplicaciones de Internet desde su configuraci\u00f3n tradicional hasta nuevas aplicaciones centradas en el usuario. Esta actitud ha dado lugar a un nuevo paradigma en la comprensi\u00f3n de la Red, entendida como una constelaci\u00f3n de tecnolog\u00edas plurales. El paso [&hellip;]<\/p>\n","protected":false},"author":2,"featured_media":0,"parent":0,"menu_order":0,"comment_status":"closed","ping_status":"closed","template":"","meta":[],"_links":{"self":[{"href":"http:\/\/comunicacio-xarxa.recursos.uoc.edu\/es\/wp-json\/wp\/v2\/pages\/510"}],"collection":[{"href":"http:\/\/comunicacio-xarxa.recursos.uoc.edu\/es\/wp-json\/wp\/v2\/pages"}],"about":[{"href":"http:\/\/comunicacio-xarxa.recursos.uoc.edu\/es\/wp-json\/wp\/v2\/types\/page"}],"author":[{"embeddable":true,"href":"http:\/\/comunicacio-xarxa.recursos.uoc.edu\/es\/wp-json\/wp\/v2\/users\/2"}],"replies":[{"embeddable":true,"href":"http:\/\/comunicacio-xarxa.recursos.uoc.edu\/es\/wp-json\/wp\/v2\/comments?post=510"}],"version-history":[{"count":7,"href":"http:\/\/comunicacio-xarxa.recursos.uoc.edu\/es\/wp-json\/wp\/v2\/pages\/510\/revisions"}],"predecessor-version":[{"id":1111,"href":"http:\/\/comunicacio-xarxa.recursos.uoc.edu\/es\/wp-json\/wp\/v2\/pages\/510\/revisions\/1111"}],"wp:attachment":[{"href":"http:\/\/comunicacio-xarxa.recursos.uoc.edu\/es\/wp-json\/wp\/v2\/media?parent=510"}],"curies":[{"name":"wp","href":"https:\/\/api.w.org\/{rel}","templated":true}]}}